{"id":6127,"date":"2020-08-05T21:10:35","date_gmt":"2020-08-06T01:10:35","guid":{"rendered":"http:\/\/www.conceptconfort.ca\/?post_type=product&#038;p=6127"},"modified":"2020-09-26T22:53:01","modified_gmt":"2020-09-27T02:53:01","slug":"marlon","status":"publish","type":"product","link":"http:\/\/www.conceptconfort.ca\/en\/shop\/sectionnel\/marlon\/","title":{"rendered":"MARLON"},"content":{"rendered":"<p>Tissu : Cuir vachette fleur corrig\u00e9e ou tissus micro-fibre haut de gamme.<br \/>\nCouleur : Toutes les couleurs sont disponibles.<br \/>\nStructure : Peuplier.<br \/>\nPieds : en plastique, couleur noir.<br \/>\nSupport : Sangles Elastiques.<br \/>\nCoussins : Dossiers amovibles.<br \/>\nM\u00e9canisme : Mouvement Avance\/Recule.<br \/>\nOption : Accoudoir\/Table sur demande.<\/p>\n<p><span><div class=\"wptb-container-legacy\" data-table-id=\"6126\">\n    <table class=\"wptb-preview-table wptb-table-preview-head wptb-element-main-table_setting-6122\" data-wptb-adaptive-table=\"0\" data-wptb-table-tds-sum-max-width=\"390\" style=\"border-style: solid; border-width: 0px; float: left; border-color: rgb(255, 255, 255);\" data-table-columns=\"4\" data-reconstraction=\"1\" data-wptb-td-width-auto=\"10\" data-wptb-header-background-color=\"#FFFFFF\" data-wptb-even-row-background-color=\"#FFFFFF\" data-wptb-odd-row-background-color=\"#FFFFFF\" data-wptb-table-alignment=\"left\" data-wptb-responsive-directives=\"eyJyZXNwb25zaXZlRW5hYmxlZCI6dHJ1ZSwicmVzcG9uc2l2ZU1vZGUiOiJhdXRvIiwicHJlc2VydmVSb3dDb2xvciI6ZmFsc2UsIm1vZGVPcHRpb25zIjp7ImF1dG8iOnsidG9wUm93QXNIZWFkZXIiOnsiZGVza3RvcCI6ZmFsc2UsInRhYmxldCI6ZmFsc2UsIm1vYmlsZSI6ZmFsc2V9LCJzdGF0aWNUb3BSb3ciOnsiZGVza3RvcCI6ZmFsc2UsInRhYmxldCI6ZmFsc2UsIm1vYmlsZSI6ZmFsc2V9LCJjZWxsU3RhY2tEaXJlY3Rpb24iOnsiZGVza3RvcCI6InJvdyIsInRhYmxldCI6InJvdyIsIm1vYmlsZSI6InJvdyJ9LCJjZWxsc1BlclJvdyI6eyJkZXNrdG9wIjoxLCJ0YWJsZXQiOjEsIm1vYmlsZSI6MX19fSwiYnJlYWtwb2ludHMiOnsiZGVza3RvcCI6eyJuYW1lIjoiZGVza3RvcCIsIndpZHRoIjoxMDI0fSwidGFibGV0Ijp7Im5hbWUiOiJ0YWJsZXQiLCJ3aWR0aCI6NzAwfSwibW9iaWxlIjp7Im5hbWUiOiJtb2JpbGUiLCJ3aWR0aCI6MzAwfX19\"><tbody><tr class=\"wptb-row\" style=\"background-color: rgb(255, 255, 255);\"><td class=\"wptb-cell\" style=\"padding: 0px; border-style: solid; border-width: 1px; width: 153px; border-color: rgb(255, 255, 255);\"><div class=\"wptb-text-container wptb-ph-element wptb-element-text-1\"><div class=\"\" style=\"position: relative;\"><p class=\"\"><strong>DIMENSIONS (CM)<\/strong><\/p><\/div><\/div><\/td><td class=\"wptb-cell\" style=\"padding: 0px; border-style: solid; border-width: 1px; width: 68px; border-color: rgb(255, 255, 255);\"><div class=\"wptb-text-container wptb-ph-element wptb-element-text-2\"><div class=\"\" style=\"position: relative;\"><p class=\"\"><strong>LONG.<\/strong><\/p><\/div><\/div><\/td><td class=\"wptb-cell\" style=\"padding: 0px; border-style: solid; border-width: 1px; width: 78px; border-color: rgb(255, 255, 255);\"><div class=\"wptb-text-container wptb-ph-element wptb-element-text-3\"><div class=\"\" style=\"position: relative;\"><p class=\"\"><strong>PROF.<\/strong><\/p><\/div><\/div><\/td><td class=\"wptb-cell\" style=\"padding: 0px; border-style: solid; border-width: 1px; width: 86px; border-color: rgb(255, 255, 255);\"><div class=\"wptb-text-container wptb-ph-element wptb-element-text-4\"><div class=\"\" style=\"position: relative;\"><p class=\"\"><strong>HAUT.<\/strong><\/p><\/div><\/div><\/td><\/tr><tr class=\"wptb-row\" style=\"background-color: rgb(255, 255, 255);\"><td class=\"wptb-cell\" style=\"padding: 0px; border-style: solid; border-width: 1px; width: 153px; border-color: rgb(255, 255, 255);\"><div class=\"wptb-text-container wptb-ph-element wptb-element-text-5\"><div class=\"\" style=\"position: relative;\"><p><strong>JOLLY 90<\/strong><\/p><\/div><\/div><\/td><td class=\"wptb-cell\" style=\"padding: 0px; border-style: solid; border-width: 1px; width: 68px; border-color: rgb(255, 255, 255);\"><div class=\"wptb-text-container wptb-ph-element wptb-element-text-6\"><div class=\"\" style=\"position: relative;\"><p>92<\/p><\/div><\/div><\/td><td class=\"wptb-cell\" style=\"padding: 0px; border-style: solid; border-width: 1px; width: 78px; border-color: rgb(255, 255, 255);\"><div class=\"wptb-text-container wptb-ph-element wptb-element-text-7\"><div class=\"\" style=\"position: relative;\"><p>92<\/p><\/div><\/div><\/td><td class=\"wptb-cell\" style=\"padding: 0px; border-style: solid; border-width: 1px; width: 86px; border-color: rgb(255, 255, 255);\"><div class=\"wptb-text-container wptb-ph-element wptb-element-text-8\"><div class=\"\" style=\"position: relative;\"><p>87<\/p><\/div><\/div><\/td><\/tr><tr class=\"wptb-row\" style=\"background-color: rgb(255, 255, 255);\"><td class=\"wptb-cell\" style=\"padding: 0px; border-style: solid; border-width: 1px; width: 153px; border-color: rgb(255, 255, 255);\"><div class=\"wptb-text-container wptb-ph-element wptb-element-text-9\"><div class=\"\" style=\"position: relative;\"><p class=\"\"><strong>JOLLY CIN\u00c9MA<\/strong><\/p><\/div><\/div><\/td><td class=\"wptb-cell\" style=\"padding: 0px; border-style: solid; border-width: 1px; width: 68px; border-color: rgb(255, 255, 255);\"><div class=\"wptb-text-container wptb-ph-element wptb-element-text-10\"><div class=\"\" style=\"position: relative;\"><p>92\/64<\/p><\/div><\/div><\/td><td class=\"wptb-cell\" style=\"padding: 0px; border-style: solid; border-width: 1px; width: 78px; border-color: rgb(255, 255, 255);\"><div class=\"wptb-text-container wptb-ph-element wptb-element-text-11\"><div class=\"\" style=\"position: relative;\"><p>92\/108<\/p><\/div><\/div><\/td><td class=\"wptb-cell\" style=\"padding: 0px; border-style: solid; border-width: 1px; width: 86px; border-color: rgb(255, 255, 255);\"><div class=\"wptb-text-container wptb-ph-element wptb-element-text-12\"><div class=\"\" style=\"position: relative;\"><p>87<\/p><\/div><\/div><\/td><\/tr><tr class=\"wptb-row\" style=\"background-color: rgb(255, 255, 255);\"><td class=\"wptb-cell\" style=\"padding: 0px; border-style: solid; border-width: 1px; width: 153px; border-color: rgb(255, 255, 255);\"><div class=\"wptb-text-container wptb-ph-element wptb-element-text-13\"><div class=\"\" style=\"position: relative;\"><p><strong>CHAISE LOUNGE<\/strong><\/p><\/div><\/div><\/td><td class=\"wptb-cell\" style=\"padding: 0px; border-style: solid; border-width: 1px; width: 68px; border-color: rgb(255, 255, 255);\"><div class=\"wptb-text-container wptb-ph-element wptb-element-text-14\"><div class=\"\" style=\"position: relative;\"><p>92<\/p><\/div><\/div><\/td><td class=\"wptb-cell\" style=\"padding: 0px; border-style: solid; border-width: 1px; width: 78px; border-color: rgb(255, 255, 255);\"><div class=\"wptb-text-container wptb-ph-element wptb-element-text-15\"><div class=\"\"><p>137\/153<\/p><\/div><\/div><\/td><td class=\"wptb-cell\" style=\"padding: 0px; border-style: solid; border-width: 1px; width: 86px; border-color: rgb(255, 255, 255);\"><div class=\"wptb-text-container wptb-ph-element wptb-element-text-16\"><div class=\"\" style=\"position: relative;\"><p>87<\/p><\/div><\/div><\/td><\/tr><tr class=\"wptb-row\" style=\"background-color: rgb(255, 255, 255);\"><td class=\"wptb-cell\" style=\"padding: 0px; border-style: solid; border-width: 1px; width: 153px; border-color: rgb(255, 255, 255);\"><div class=\"wptb-text-container wptb-ph-element wptb-element-text-17\"><div class=\"\" style=\"position: relative;\"><p><strong>ANGLE<\/strong><\/p><\/div><\/div><\/td><td class=\"wptb-cell\" style=\"padding: 0px; border-style: solid; border-width: 1px; width: 68px; border-color: rgb(255, 255, 255);\"><div class=\"wptb-text-container wptb-ph-element wptb-element-text-18\"><div class=\"\"><p>110<\/p><\/div><\/div><\/td><td class=\"wptb-cell\" style=\"padding: 0px; border-style: solid; border-width: 1px; width: 78px; border-color: rgb(255, 255, 255);\"><div class=\"wptb-text-container wptb-ph-element wptb-element-text-19\"><div class=\"\"><p>110<\/p><\/div><\/div><\/td><td class=\"wptb-cell\" style=\"padding: 0px; border-style: solid; border-width: 1px; width: 86px; border-color: rgb(255, 255, 255);\"><div class=\"wptb-text-container wptb-ph-element wptb-element-text-20\"><div class=\"\"><p>87<br><\/p><\/div><\/div><\/td><\/tr><tr class=\"wptb-row\" style=\"background-color: rgb(255, 255, 255);\"><td class=\"wptb-cell\" style=\"padding: 0px; border-style: solid; border-width: 1px; width: 153px; border-color: rgb(255, 255, 255);\"><div class=\"wptb-text-container wptb-ph-element wptb-element-text-21\"><div class=\"\" style=\"position: relative;\"><p><strong>GRAND POUF<\/strong><\/p><\/div><\/div><\/td><td class=\"wptb-cell\" style=\"padding: 0px; border-style: solid; border-width: 1px; width: 68px; border-color: rgb(255, 255, 255);\"><div class=\"wptb-text-container wptb-ph-element wptb-element-text-22\"><div class=\"\" style=\"position: relative;\"><p>92<\/p><\/div><\/div><\/td><td class=\"wptb-cell\" style=\"padding: 0px; border-style: solid; border-width: 1px; width: 78px; border-color: rgb(255, 255, 255);\"><div class=\"wptb-text-container wptb-ph-element wptb-element-text-23\"><div class=\"\"><p>92<\/p><\/div><\/div><\/td><td class=\"wptb-cell\" style=\"padding: 0px; border-style: solid; border-width: 1px; width: 86px; border-color: rgb(255, 255, 255);\"><div class=\"wptb-text-container wptb-ph-element wptb-element-text-24\"><div class=\"\" style=\"position: relative;\"><p>44<\/p><\/div><\/div><\/td><\/tr><tr class=\"wptb-row\" style=\"background-color: rgb(255, 255, 255);\"><td class=\"wptb-cell\" style=\"padding: 0px; border-style: solid; border-width: 1px; width: 153px; border-color: rgb(255, 255, 255);\"><div class=\"wptb-text-container wptb-ph-element wptb-element-text-25\"><div class=\"\"><p><strong>PETIT POUF<\/strong><\/p><\/div><\/div><\/td><td class=\"wptb-cell\" style=\"padding: 0px; border-style: solid; border-width: 1px; width: 68px; border-color: rgb(255, 255, 255);\"><div class=\"wptb-text-container wptb-ph-element wptb-element-text-26\"><div class=\"\"><p>48<\/p><\/div><\/div><\/td><td class=\"wptb-cell\" style=\"padding: 0px; border-style: solid; border-width: 1px; width: 78px; border-color: rgb(255, 255, 255);\"><div class=\"wptb-text-container wptb-ph-element wptb-element-text-27\"><div class=\"\" style=\"position: relative;\"><p>92<\/p><\/div><\/div><\/td><td class=\"wptb-cell\" style=\"padding: 0px; border-style: solid; border-width: 1px; width: 86px; border-color: rgb(255, 255, 255);\"><div class=\"wptb-text-container wptb-ph-element wptb-element-text-28\"><div class=\"\" style=\"position: relative;\"><p>44<\/p><\/div><\/div><\/td><\/tr><tr class=\"wptb-row\" style=\"background-color: rgb(255, 255, 255);\"><td class=\"wptb-cell\" style=\"padding: 0px; border-style: solid; border-width: 1px; width: 153px; border-color: rgb(255, 255, 255);\"><div class=\"wptb-text-container wptb-ph-element wptb-element-text-29\"><div class=\"\"><p><strong>POUF CIN\u00c9MA<\/strong><\/p><\/div><\/div><\/td><td class=\"wptb-cell\" style=\"padding: 0px; border-style: solid; border-width: 1px; width: 68px; border-color: rgb(255, 255, 255);\"><div class=\"wptb-text-container wptb-ph-element wptb-element-text-30\"><div class=\"\"><p>82\/52<\/p><\/div><\/div><\/td><td class=\"wptb-cell\" style=\"padding: 0px; border-style: solid; border-width: 1px; width: 78px; border-color: rgb(255, 255, 255);\"><div class=\"wptb-text-container wptb-ph-element wptb-element-text-31\"><div class=\"\" style=\"position: relative;\"><p>92<\/p><\/div><\/div><\/td><td class=\"wptb-cell\" style=\"padding: 0px; border-style: solid; border-width: 1px; width: 86px; border-color: rgb(255, 255, 255);\"><div class=\"wptb-text-container wptb-ph-element wptb-element-text-32\"><div class=\"\" style=\"position: relative;\"><p>44<\/p><\/div><\/div><\/td><\/tr><\/tbody><\/table>\n<\/div>\n<\/span><\/p>\n<p><a href=\"http:\/\/www.conceptconfort.ca\/wp-content\/uploads\/2020\/08\/Marlon.tiff\"><\/a><br \/>\n<div class=\"wpforms-container wpforms-container-full\" id=\"wpforms-6161\"><form id=\"wpforms-form-6161\" class=\"wpforms-validate wpforms-form\" data-formid=\"6161\" method=\"post\" enctype=\"multipart\/form-data\" action=\"\/en\/wp-json\/wp\/v2\/product\/6127\" data-token=\"53189d8fa0abc0bb7286767c27b3dc52\" data-token-time=\"1779034902\"><div class=\"wpforms-head-container\"><div class=\"wpforms-title\">Vous souhaitez avoir plus d&#039;informations sur le mobilier MARLON ?<\/div><div class=\"wpforms-description\">Veuillez, svp, nous faire parvenir vos coordonn\u00e9es. Un agent du service \u00e0 la client\u00e8le vous contactera dans les plus brefs d\u00e9lais. Au plaisir de vous parler. <\/div><\/div><noscript class=\"wpforms-error-noscript\">Please enable JavaScript in your browser to complete this form.<\/noscript><div class=\"wpforms-field-container\"><div id=\"wpforms-6161-field_0-container\" class=\"wpforms-field wpforms-field-name wpforms-one-half wpforms-first\" data-field-id=\"0\"><label class=\"wpforms-field-label\" for=\"wpforms-6161-field_0\">Nom <span class=\"wpforms-required-label\">*<\/span><\/label><input type=\"text\" id=\"wpforms-6161-field_0\" class=\"wpforms-field-large wpforms-field-required\" name=\"wpforms[fields][0]\" placeholder=\"Votre nom\" required><\/div><div id=\"wpforms-6161-field_3-container\" class=\"wpforms-field wpforms-field-email wpforms-one-half\" data-field-id=\"3\"><label class=\"wpforms-field-label\" for=\"wpforms-6161-field_3\">Courriel ou t\u00e9l\u00e9phone <span class=\"wpforms-required-label\">*<\/span><\/label><input type=\"email\" id=\"wpforms-6161-field_3\" class=\"wpforms-field-large wpforms-field-required\" name=\"wpforms[fields][3]\" placeholder=\"Votre courriel ou votre num\u00e9ro de t\u00e9l\u00e9phone\" spellcheck=\"false\" required><\/div><div id=\"wpforms-6161-field_2-container\" class=\"wpforms-field wpforms-field-textarea\" data-field-id=\"2\"><label class=\"wpforms-field-label\" for=\"wpforms-6161-field_2\">Message <span class=\"wpforms-required-label\">*<\/span><\/label><textarea id=\"wpforms-6161-field_2\" class=\"wpforms-field-medium wpforms-field-required\" name=\"wpforms[fields][2]\" placeholder=\"Votre message\" required><\/textarea><\/div><\/div><!-- .wpforms-field-container --><div class=\"wpforms-field wpforms-field-hp\"><label for=\"wpforms-6161-field-hp\" class=\"wpforms-field-label\">Message<\/label><input type=\"text\" name=\"wpforms[hp]\" id=\"wpforms-6161-field-hp\" class=\"wpforms-field-medium\"><\/div><div class=\"wpforms-submit-container\" ><input type=\"hidden\" name=\"wpforms[id]\" value=\"6161\"><input type=\"hidden\" name=\"page_title\" value=\"\"><input type=\"hidden\" name=\"page_url\" value=\"http:\/\/www.conceptconfort.ca\/en\/wp-json\/wp\/v2\/product\/6127\"><input type=\"hidden\" name=\"url_referer\" value=\"\"><button type=\"submit\" name=\"wpforms[submit]\" id=\"wpforms-submit-6161\" class=\"wpforms-submit\" data-alt-text=\"Envoi en cours...\" data-submit-text=\"Envoyer le message\" aria-live=\"assertive\" value=\"wpforms-submit\">Envoyer le message<\/button><\/div><\/form><\/div>  <!-- .wpforms-container --><\/p>\n","protected":false},"excerpt":{"rendered":"<p>Que vous ayez une petite ou grande famille, ce mobilier modulable saura vous s\u00e9duire. Ses dossiers amovibles sont tr\u00e8s pratiques et son m\u00e9canisme lui permet d&rsquo;avancer et reculer \u00e0 votre gr\u00e9. En option : table et accoudoir.<\/p>\n<p>Construisez la vision de votre salon id\u00e9al avec <strong>MARLON<\/strong>.<\/p>","protected":false},"featured_media":6008,"template":"","meta":[],"product_brand":[],"product_cat":[124,132,133,134,51],"product_tag":[166,177,164,176,165,167,152,60],"class_list":{"0":"post-6127","1":"product","2":"type-product","3":"status-publish","4":"has-post-thumbnail","6":"product_cat-accessoires","7":"product_cat-canape","8":"product_cat-causeuse","9":"product_cat-fauteuil","10":"product_cat-sectionnel","11":"product_tag-accoudoir","12":"product_tag-ameublement-concept-confort","13":"product_tag-dossiers-amovibles","14":"product_tag-marlon","15":"product_tag-mecanisme","16":"product_tag-module","17":"product_tag-peuplier","18":"product_tag-table","20":"first","21":"instock","22":"featured","23":"taxable","24":"shipping-taxable","25":"product-type-simple"},"yoast_head":"<!-- This site is optimized with the Yoast SEO Premium plugin v19.3 (Yoast SEO v27.6) - https:\/\/yoast.com\/product\/yoast-seo-premium-wordpress\/ -->\n<title>MARLON - Ameublement Concept Confort<\/title>\n<meta name=\"robots\" content=\"index, follow, max-snippet:-1, max-image-preview:large, max-video-preview:-1\" \/>\n<link rel=\"canonical\" href=\"https:\/\/www.conceptconfort.ca\/en\/shop\/sectionnel\/marlon\/\" \/>\n<meta property=\"og:locale\" content=\"en_US\" \/>\n<meta property=\"og:type\" content=\"article\" \/>\n<meta property=\"og:title\" content=\"MARLON\" \/>\n<meta property=\"og:description\" content=\"Que vous ayez une petite ou grande famille, ce mobilier modulable saura vous s\u00e9duire. Ses dossiers amovibles sont tr\u00e8s pratiques et son m\u00e9canisme lui permet d&#039;avancer et reculer \u00e0 votre gr\u00e9. En option : table et accoudoir.  Construisez la vision de votre salon id\u00e9al avec MARLON.\" \/>\n<meta property=\"og:url\" content=\"https:\/\/www.conceptconfort.ca\/en\/shop\/sectionnel\/marlon\/\" \/>\n<meta property=\"og:site_name\" content=\"Ameublement Concept Confort\" \/>\n<meta property=\"article:publisher\" content=\"https:\/\/facebook.com\/AmeublementConceptConfort\/\" \/>\n<meta property=\"article:modified_time\" content=\"2020-09-27T02:53:01+00:00\" \/>\n<meta property=\"og:image\" content=\"https:\/\/www.conceptconfort.ca\/wp-content\/uploads\/2020\/07\/Marlon-comp-1.jpg\" \/>\n\t<meta property=\"og:image:width\" content=\"1920\" \/>\n\t<meta property=\"og:image:height\" content=\"1514\" \/>\n\t<meta property=\"og:image:type\" content=\"image\/jpeg\" \/>\n<meta name=\"twitter:card\" content=\"summary_large_image\" \/>\n<meta name=\"twitter:site\" content=\"@ConceptConfort\" \/>\n<script type=\"application\/ld+json\" class=\"yoast-schema-graph\">{\"@context\":\"https:\\\/\\\/schema.org\",\"@graph\":[{\"@type\":\"WebPage\",\"@id\":\"https:\\\/\\\/www.conceptconfort.ca\\\/shop\\\/sectionnel\\\/marlon\\\/\",\"url\":\"https:\\\/\\\/www.conceptconfort.ca\\\/shop\\\/sectionnel\\\/marlon\\\/\",\"name\":\"MARLON - Ameublement Concept Confort\",\"isPartOf\":{\"@id\":\"https:\\\/\\\/www.conceptconfort.ca\\\/#website\"},\"primaryImageOfPage\":{\"@id\":\"https:\\\/\\\/www.conceptconfort.ca\\\/shop\\\/sectionnel\\\/marlon\\\/#primaryimage\"},\"image\":{\"@id\":\"https:\\\/\\\/www.conceptconfort.ca\\\/shop\\\/sectionnel\\\/marlon\\\/#primaryimage\"},\"thumbnailUrl\":\"https:\\\/\\\/www.conceptconfort.ca\\\/wp-content\\\/uploads\\\/2020\\\/07\\\/Marlon-comp-1.jpg\",\"datePublished\":\"2020-08-06T01:10:35+00:00\",\"dateModified\":\"2020-09-27T02:53:01+00:00\",\"breadcrumb\":{\"@id\":\"https:\\\/\\\/www.conceptconfort.ca\\\/shop\\\/sectionnel\\\/marlon\\\/#breadcrumb\"},\"inLanguage\":\"en-CA\",\"potentialAction\":[{\"@type\":\"ReadAction\",\"target\":[\"https:\\\/\\\/www.conceptconfort.ca\\\/shop\\\/sectionnel\\\/marlon\\\/\"]}]},{\"@type\":\"ImageObject\",\"inLanguage\":\"en-CA\",\"@id\":\"https:\\\/\\\/www.conceptconfort.ca\\\/shop\\\/sectionnel\\\/marlon\\\/#primaryimage\",\"url\":\"https:\\\/\\\/www.conceptconfort.ca\\\/wp-content\\\/uploads\\\/2020\\\/07\\\/Marlon-comp-1.jpg\",\"contentUrl\":\"https:\\\/\\\/www.conceptconfort.ca\\\/wp-content\\\/uploads\\\/2020\\\/07\\\/Marlon-comp-1.jpg\",\"width\":1920,\"height\":1514,\"caption\":\"MARLON Accessoires Canap\u00e9 Causeuse Fauteuil\"},{\"@type\":\"BreadcrumbList\",\"@id\":\"https:\\\/\\\/www.conceptconfort.ca\\\/shop\\\/sectionnel\\\/marlon\\\/#breadcrumb\",\"itemListElement\":[{\"@type\":\"ListItem\",\"position\":1,\"name\":\"Home\",\"item\":\"https:\\\/\\\/www.conceptconfort.ca\\\/\"},{\"@type\":\"ListItem\",\"position\":2,\"name\":\"Nos produits\",\"item\":\"https:\\\/\\\/www.conceptconfort.ca\\\/shop\\\/\"},{\"@type\":\"ListItem\",\"position\":3,\"name\":\"MARLON\"}]},{\"@type\":\"WebSite\",\"@id\":\"https:\\\/\\\/www.conceptconfort.ca\\\/#website\",\"url\":\"https:\\\/\\\/www.conceptconfort.ca\\\/\",\"name\":\"Ameublement Concept Confort\",\"description\":\"Ameublement Concept Confort propose une exp\u00e9rience de magasinage exceptionnelle avec une collection exclusive de fauteuils, causeuses et canap\u00e9s de qualit\u00e9 sup\u00e9rieure, con\u00e7us sp\u00e9cialement pour une client\u00e8le s\u00e9lective en qu\u00eate de confort, d&#039;\u00e9l\u00e9gance et de raffinement.\",\"publisher\":{\"@id\":\"https:\\\/\\\/www.conceptconfort.ca\\\/#organization\"},\"potentialAction\":[{\"@type\":\"SearchAction\",\"target\":{\"@type\":\"EntryPoint\",\"urlTemplate\":\"https:\\\/\\\/www.conceptconfort.ca\\\/?s={search_term_string}\"},\"query-input\":{\"@type\":\"PropertyValueSpecification\",\"valueRequired\":true,\"valueName\":\"search_term_string\"}}],\"inLanguage\":\"en-CA\"},{\"@type\":\"Organization\",\"@id\":\"https:\\\/\\\/www.conceptconfort.ca\\\/#organization\",\"name\":\"Ameublement Concept Confort\",\"url\":\"https:\\\/\\\/www.conceptconfort.ca\\\/\",\"logo\":{\"@type\":\"ImageObject\",\"inLanguage\":\"en-CA\",\"@id\":\"https:\\\/\\\/www.conceptconfort.ca\\\/#\\\/schema\\\/logo\\\/image\\\/\",\"url\":\"https:\\\/\\\/www.conceptconfort.ca\\\/wp-content\\\/uploads\\\/2014\\\/06\\\/cropped-Logo-ameublement-conceptRGB2.png\",\"contentUrl\":\"https:\\\/\\\/www.conceptconfort.ca\\\/wp-content\\\/uploads\\\/2014\\\/06\\\/cropped-Logo-ameublement-conceptRGB2.png\",\"width\":1017,\"height\":317,\"caption\":\"Ameublement Concept Confort\"},\"image\":{\"@id\":\"https:\\\/\\\/www.conceptconfort.ca\\\/#\\\/schema\\\/logo\\\/image\\\/\"},\"sameAs\":[\"https:\\\/\\\/facebook.com\\\/AmeublementConceptConfort\\\/\",\"https:\\\/\\\/x.com\\\/ConceptConfort\",\"https:\\\/\\\/www.instagram.com\\\/ameublement_concept_confort\\\/\"]}]}<\/script>\n<!-- \/ Yoast SEO Premium plugin. -->","yoast_head_json":{"title":"MARLON - Ameublement Concept Confort","robots":{"index":"index","follow":"follow","max-snippet":"max-snippet:-1","max-image-preview":"max-image-preview:large","max-video-preview":"max-video-preview:-1"},"canonical":"https:\/\/www.conceptconfort.ca\/en\/shop\/sectionnel\/marlon\/","og_locale":"en_US","og_type":"article","og_title":"MARLON","og_description":"Que vous ayez une petite ou grande famille, ce mobilier modulable saura vous s\u00e9duire. Ses dossiers amovibles sont tr\u00e8s pratiques et son m\u00e9canisme lui permet d'avancer et reculer \u00e0 votre gr\u00e9. En option : table et accoudoir.  Construisez la vision de votre salon id\u00e9al avec MARLON.","og_url":"https:\/\/www.conceptconfort.ca\/en\/shop\/sectionnel\/marlon\/","og_site_name":"Ameublement Concept Confort","article_publisher":"https:\/\/facebook.com\/AmeublementConceptConfort\/","article_modified_time":"2020-09-27T02:53:01+00:00","og_image":[{"width":1920,"height":1514,"url":"https:\/\/www.conceptconfort.ca\/wp-content\/uploads\/2020\/07\/Marlon-comp-1.jpg","type":"image\/jpeg"}],"twitter_card":"summary_large_image","twitter_site":"@ConceptConfort","schema":{"@context":"https:\/\/schema.org","@graph":[{"@type":"WebPage","@id":"https:\/\/www.conceptconfort.ca\/shop\/sectionnel\/marlon\/","url":"https:\/\/www.conceptconfort.ca\/shop\/sectionnel\/marlon\/","name":"MARLON - Ameublement Concept Confort","isPartOf":{"@id":"https:\/\/www.conceptconfort.ca\/#website"},"primaryImageOfPage":{"@id":"https:\/\/www.conceptconfort.ca\/shop\/sectionnel\/marlon\/#primaryimage"},"image":{"@id":"https:\/\/www.conceptconfort.ca\/shop\/sectionnel\/marlon\/#primaryimage"},"thumbnailUrl":"https:\/\/www.conceptconfort.ca\/wp-content\/uploads\/2020\/07\/Marlon-comp-1.jpg","datePublished":"2020-08-06T01:10:35+00:00","dateModified":"2020-09-27T02:53:01+00:00","breadcrumb":{"@id":"https:\/\/www.conceptconfort.ca\/shop\/sectionnel\/marlon\/#breadcrumb"},"inLanguage":"en-CA","potentialAction":[{"@type":"ReadAction","target":["https:\/\/www.conceptconfort.ca\/shop\/sectionnel\/marlon\/"]}]},{"@type":"ImageObject","inLanguage":"en-CA","@id":"https:\/\/www.conceptconfort.ca\/shop\/sectionnel\/marlon\/#primaryimage","url":"https:\/\/www.conceptconfort.ca\/wp-content\/uploads\/2020\/07\/Marlon-comp-1.jpg","contentUrl":"https:\/\/www.conceptconfort.ca\/wp-content\/uploads\/2020\/07\/Marlon-comp-1.jpg","width":1920,"height":1514,"caption":"MARLON Accessoires Canap\u00e9 Causeuse Fauteuil"},{"@type":"BreadcrumbList","@id":"https:\/\/www.conceptconfort.ca\/shop\/sectionnel\/marlon\/#breadcrumb","itemListElement":[{"@type":"ListItem","position":1,"name":"Home","item":"https:\/\/www.conceptconfort.ca\/"},{"@type":"ListItem","position":2,"name":"Nos produits","item":"https:\/\/www.conceptconfort.ca\/shop\/"},{"@type":"ListItem","position":3,"name":"MARLON"}]},{"@type":"WebSite","@id":"https:\/\/www.conceptconfort.ca\/#website","url":"https:\/\/www.conceptconfort.ca\/","name":"Ameublement Concept Confort","description":"Ameublement Concept Confort propose une exp\u00e9rience de magasinage exceptionnelle avec une collection exclusive de fauteuils, causeuses et canap\u00e9s de qualit\u00e9 sup\u00e9rieure, con\u00e7us sp\u00e9cialement pour une client\u00e8le s\u00e9lective en qu\u00eate de confort, d&#039;\u00e9l\u00e9gance et de raffinement.","publisher":{"@id":"https:\/\/www.conceptconfort.ca\/#organization"},"potentialAction":[{"@type":"SearchAction","target":{"@type":"EntryPoint","urlTemplate":"https:\/\/www.conceptconfort.ca\/?s={search_term_string}"},"query-input":{"@type":"PropertyValueSpecification","valueRequired":true,"valueName":"search_term_string"}}],"inLanguage":"en-CA"},{"@type":"Organization","@id":"https:\/\/www.conceptconfort.ca\/#organization","name":"Ameublement Concept Confort","url":"https:\/\/www.conceptconfort.ca\/","logo":{"@type":"ImageObject","inLanguage":"en-CA","@id":"https:\/\/www.conceptconfort.ca\/#\/schema\/logo\/image\/","url":"https:\/\/www.conceptconfort.ca\/wp-content\/uploads\/2014\/06\/cropped-Logo-ameublement-conceptRGB2.png","contentUrl":"https:\/\/www.conceptconfort.ca\/wp-content\/uploads\/2014\/06\/cropped-Logo-ameublement-conceptRGB2.png","width":1017,"height":317,"caption":"Ameublement Concept Confort"},"image":{"@id":"https:\/\/www.conceptconfort.ca\/#\/schema\/logo\/image\/"},"sameAs":["https:\/\/facebook.com\/AmeublementConceptConfort\/","https:\/\/x.com\/ConceptConfort","https:\/\/www.instagram.com\/ameublement_concept_confort\/"]}]}},"post_mailing_queue_ids":[],"_links":{"self":[{"href":"http:\/\/www.conceptconfort.ca\/en\/wp-json\/wp\/v2\/product\/6127","targetHints":{"allow":["GET"]}}],"collection":[{"href":"http:\/\/www.conceptconfort.ca\/en\/wp-json\/wp\/v2\/product"}],"about":[{"href":"http:\/\/www.conceptconfort.ca\/en\/wp-json\/wp\/v2\/types\/product"}],"wp:featuredmedia":[{"embeddable":true,"href":"http:\/\/www.conceptconfort.ca\/en\/wp-json\/wp\/v2\/media\/6008"}],"wp:attachment":[{"href":"http:\/\/www.conceptconfort.ca\/en\/wp-json\/wp\/v2\/media?parent=6127"}],"wp:term":[{"taxonomy":"product_brand","embeddable":true,"href":"http:\/\/www.conceptconfort.ca\/en\/wp-json\/wp\/v2\/product_brand?post=6127"},{"taxonomy":"product_cat","embeddable":true,"href":"http:\/\/www.conceptconfort.ca\/en\/wp-json\/wp\/v2\/product_cat?post=6127"},{"taxonomy":"product_tag","embeddable":true,"href":"http:\/\/www.conceptconfort.ca\/en\/wp-json\/wp\/v2\/product_tag?post=6127"}],"curies":[{"name":"wp","href":"https:\/\/api.w.org\/{rel}","templated":true}]}}