{"id":4686,"date":"2014-06-17T12:43:37","date_gmt":"2014-06-17T12:43:37","guid":{"rendered":"http:\/\/ninja.websitewelcome.com\/~conceptc\/?page_id=4686"},"modified":"2023-05-20T04:53:51","modified_gmt":"2023-05-20T08:53:51","slug":"garantie","status":"publish","type":"page","link":"https:\/\/www.conceptconfort.ca\/en\/garantie\/","title":{"rendered":"Garantie"},"content":{"rendered":"<p>Ameublement Concept Confort s\u2019engage \u00e0 faire en sorte que l\u2019achat de votre meuble ou de votre literie soit une exp\u00e9rience unique et sans faille. En conformit\u00e9 avec la garantie l\u00e9gale d\u00e9crite par l\u2019Office de la Protection du Consommateur, nous garantissons que le meuble que vous achetez demeure\u00a0en bon \u00e9tat pendant une dur\u00e9e raisonnable, compte tenu du prix pay\u00e9, du contrat et des conditions d\u2019utilisation pr\u00e9vues.<\/p>\n<p>Si, au cours de ladite p\u00e9riode de garantie, des mat\u00e9riaux identiques ne sont pas disponibles au moment de la r\u00e9paration ou du remplacement, Ameublement Concept Confort se r\u00e9serve le droit de les remplacer par des mat\u00e9riaux de qualit\u00e9 \u00e9gale ou sup\u00e9rieure. En raison d&rsquo;un lot de teinture diff\u00e9rent, la couleur du cuir de remplacement peut diff\u00e9rer de l&rsquo;original.<\/p>\n<p>Tout article r\u00e9par\u00e9 ou remplac\u00e9 sous ces garanties limit\u00e9es sera couvert par les garanties limit\u00e9es pour le reste de la p\u00e9riode de garantie initiale seulement.<\/p>\n<p>Vous aimeriez nous faire part de vos commentaires sur votre exp\u00e9rience d\u2019achats d\u2019ameublements Ameublement Concept Confort, communiquez avec nous d\u00e8s aujourd\u2019hui !<\/p>\n<p><a href=\"mailto:info@conceptconfort.ca\">info@conceptconfort.ca<\/a><\/p>\n<p>&nbsp;<\/p>\n<p>&#8211;\u00a0\u00a0\u00a0\u00a0\u00a0\u00a0\u00a0\u00a0 Avertissement\u00a0:<\/p>\n<p>Les meubles avec mouvement (fauteuils inclinables, divans-lits, etc.) poss\u00e8dent plusieurs parties mobiles. Des pr\u00e9cautions doivent \u00eatre prises lors de la manipulation (ouverture, fermeture, etc.). Les enfants ne devraient pas \u00eatre autoris\u00e9s \u00e0 manipuler ou \u00e0 jouer avec les meubles mobiles. Laissez toujours les fauteuils inclinables dans une position debout et ferm\u00e9e et n&rsquo;approchez pas vos mains ou vos pieds pr\u00e8s du m\u00e9canisme. Seul l&rsquo;occupant devrait le manipuler.<\/p>","protected":false},"excerpt":{"rendered":"<p>Ameublement Concept Confort s\u2019engage \u00e0 faire en sorte que l\u2019achat de votre meuble ou de votre literie soit une exp\u00e9rience unique et sans faille. En conformit\u00e9 avec la garantie l\u00e9gale d\u00e9crite par l\u2019Office de la Protection du Consommateur, nous garantissons que le meuble que vous achetez demeure\u00a0en bon \u00e9tat pendant [&hellip;]<\/p>\n","protected":false},"author":3,"featured_media":0,"parent":0,"menu_order":0,"comment_status":"closed","ping_status":"closed","template":"","meta":{"footnotes":""},"class_list":["post-4686","page","type-page","status-publish","hentry"],"yoast_head":"<!-- This site is optimized with the Yoast SEO Premium plugin v19.3 (Yoast SEO v27.6) - https:\/\/yoast.com\/product\/yoast-seo-premium-wordpress\/ -->\n<title>Garantie - Ameublement Concept Confort<\/title>\n<meta name=\"description\" content=\"Ameublement Concept Confort s\u2019engage \u00e0 faire en sorte que l\u2019achat de votre meuble ou de votre literie soit une exp\u00e9rience unique et sans faille\" \/>\n<meta name=\"robots\" content=\"index, follow, max-snippet:-1, max-image-preview:large, max-video-preview:-1\" \/>\n<link rel=\"canonical\" href=\"https:\/\/www.conceptconfort.ca\/en\/garantie\/\" \/>\n<meta property=\"og:locale\" content=\"en_US\" \/>\n<meta property=\"og:type\" content=\"article\" \/>\n<meta property=\"og:title\" content=\"Garantie\" \/>\n<meta property=\"og:description\" content=\"Ameublement Concept Confort s\u2019engage \u00e0 faire en sorte que l\u2019achat de votre meuble ou de votre literie soit une exp\u00e9rience unique et sans faille\" \/>\n<meta property=\"og:url\" content=\"https:\/\/www.conceptconfort.ca\/en\/garantie\/\" \/>\n<meta property=\"og:site_name\" content=\"Ameublement Concept Confort\" \/>\n<meta property=\"article:publisher\" content=\"https:\/\/facebook.com\/AmeublementConceptConfort\/\" \/>\n<meta property=\"article:modified_time\" content=\"2023-05-20T08:53:51+00:00\" \/>\n<meta name=\"twitter:card\" content=\"summary_large_image\" \/>\n<meta name=\"twitter:site\" content=\"@ConceptConfort\" \/>\n<meta name=\"twitter:label1\" content=\"Est. reading time\" \/>\n\t<meta name=\"twitter:data1\" content=\"1 minute\" \/>\n<script type=\"application\/ld+json\" class=\"yoast-schema-graph\">{\"@context\":\"https:\\\/\\\/schema.org\",\"@graph\":[{\"@type\":\"WebPage\",\"@id\":\"https:\\\/\\\/www.conceptconfort.ca\\\/garantie\\\/\",\"url\":\"https:\\\/\\\/www.conceptconfort.ca\\\/garantie\\\/\",\"name\":\"Garantie - Ameublement Concept Confort\",\"isPartOf\":{\"@id\":\"https:\\\/\\\/www.conceptconfort.ca\\\/#website\"},\"datePublished\":\"2014-06-17T12:43:37+00:00\",\"dateModified\":\"2023-05-20T08:53:51+00:00\",\"description\":\"Ameublement Concept Confort s\u2019engage \u00e0 faire en sorte que l\u2019achat de votre meuble ou de votre literie soit une exp\u00e9rience unique et sans faille\",\"breadcrumb\":{\"@id\":\"https:\\\/\\\/www.conceptconfort.ca\\\/garantie\\\/#breadcrumb\"},\"inLanguage\":\"en-CA\",\"potentialAction\":[{\"@type\":\"ReadAction\",\"target\":[\"https:\\\/\\\/www.conceptconfort.ca\\\/garantie\\\/\"]}]},{\"@type\":\"BreadcrumbList\",\"@id\":\"https:\\\/\\\/www.conceptconfort.ca\\\/garantie\\\/#breadcrumb\",\"itemListElement\":[{\"@type\":\"ListItem\",\"position\":1,\"name\":\"Home\",\"item\":\"https:\\\/\\\/www.conceptconfort.ca\\\/\"},{\"@type\":\"ListItem\",\"position\":2,\"name\":\"Garantie\"}]},{\"@type\":\"WebSite\",\"@id\":\"https:\\\/\\\/www.conceptconfort.ca\\\/#website\",\"url\":\"https:\\\/\\\/www.conceptconfort.ca\\\/\",\"name\":\"Ameublement Concept Confort\",\"description\":\"Ameublement Concept Confort propose une exp\u00e9rience de magasinage exceptionnelle avec une collection exclusive de fauteuils, causeuses et canap\u00e9s de qualit\u00e9 sup\u00e9rieure, con\u00e7us sp\u00e9cialement pour une client\u00e8le s\u00e9lective en qu\u00eate de confort, d&#039;\u00e9l\u00e9gance et de raffinement.\",\"publisher\":{\"@id\":\"https:\\\/\\\/www.conceptconfort.ca\\\/#organization\"},\"potentialAction\":[{\"@type\":\"SearchAction\",\"target\":{\"@type\":\"EntryPoint\",\"urlTemplate\":\"https:\\\/\\\/www.conceptconfort.ca\\\/?s={search_term_string}\"},\"query-input\":{\"@type\":\"PropertyValueSpecification\",\"valueRequired\":true,\"valueName\":\"search_term_string\"}}],\"inLanguage\":\"en-CA\"},{\"@type\":\"Organization\",\"@id\":\"https:\\\/\\\/www.conceptconfort.ca\\\/#organization\",\"name\":\"Ameublement Concept Confort\",\"url\":\"https:\\\/\\\/www.conceptconfort.ca\\\/\",\"logo\":{\"@type\":\"ImageObject\",\"inLanguage\":\"en-CA\",\"@id\":\"https:\\\/\\\/www.conceptconfort.ca\\\/#\\\/schema\\\/logo\\\/image\\\/\",\"url\":\"https:\\\/\\\/www.conceptconfort.ca\\\/wp-content\\\/uploads\\\/2014\\\/06\\\/cropped-Logo-ameublement-conceptRGB2.png\",\"contentUrl\":\"https:\\\/\\\/www.conceptconfort.ca\\\/wp-content\\\/uploads\\\/2014\\\/06\\\/cropped-Logo-ameublement-conceptRGB2.png\",\"width\":1017,\"height\":317,\"caption\":\"Ameublement Concept Confort\"},\"image\":{\"@id\":\"https:\\\/\\\/www.conceptconfort.ca\\\/#\\\/schema\\\/logo\\\/image\\\/\"},\"sameAs\":[\"https:\\\/\\\/facebook.com\\\/AmeublementConceptConfort\\\/\",\"https:\\\/\\\/x.com\\\/ConceptConfort\",\"https:\\\/\\\/www.instagram.com\\\/ameublement_concept_confort\\\/\"]}]}<\/script>\n<!-- \/ Yoast SEO Premium plugin. -->","yoast_head_json":{"title":"Garantie - Ameublement Concept Confort","description":"Ameublement Concept Confort s\u2019engage \u00e0 faire en sorte que l\u2019achat de votre meuble ou de votre literie soit une exp\u00e9rience unique et sans faille","robots":{"index":"index","follow":"follow","max-snippet":"max-snippet:-1","max-image-preview":"max-image-preview:large","max-video-preview":"max-video-preview:-1"},"canonical":"https:\/\/www.conceptconfort.ca\/en\/garantie\/","og_locale":"en_US","og_type":"article","og_title":"Garantie","og_description":"Ameublement Concept Confort s\u2019engage \u00e0 faire en sorte que l\u2019achat de votre meuble ou de votre literie soit une exp\u00e9rience unique et sans faille","og_url":"https:\/\/www.conceptconfort.ca\/en\/garantie\/","og_site_name":"Ameublement Concept Confort","article_publisher":"https:\/\/facebook.com\/AmeublementConceptConfort\/","article_modified_time":"2023-05-20T08:53:51+00:00","twitter_card":"summary_large_image","twitter_site":"@ConceptConfort","twitter_misc":{"Est. reading time":"1 minute"},"schema":{"@context":"https:\/\/schema.org","@graph":[{"@type":"WebPage","@id":"https:\/\/www.conceptconfort.ca\/garantie\/","url":"https:\/\/www.conceptconfort.ca\/garantie\/","name":"Garantie - Ameublement Concept Confort","isPartOf":{"@id":"https:\/\/www.conceptconfort.ca\/#website"},"datePublished":"2014-06-17T12:43:37+00:00","dateModified":"2023-05-20T08:53:51+00:00","description":"Ameublement Concept Confort s\u2019engage \u00e0 faire en sorte que l\u2019achat de votre meuble ou de votre literie soit une exp\u00e9rience unique et sans faille","breadcrumb":{"@id":"https:\/\/www.conceptconfort.ca\/garantie\/#breadcrumb"},"inLanguage":"en-CA","potentialAction":[{"@type":"ReadAction","target":["https:\/\/www.conceptconfort.ca\/garantie\/"]}]},{"@type":"BreadcrumbList","@id":"https:\/\/www.conceptconfort.ca\/garantie\/#breadcrumb","itemListElement":[{"@type":"ListItem","position":1,"name":"Home","item":"https:\/\/www.conceptconfort.ca\/"},{"@type":"ListItem","position":2,"name":"Garantie"}]},{"@type":"WebSite","@id":"https:\/\/www.conceptconfort.ca\/#website","url":"https:\/\/www.conceptconfort.ca\/","name":"Ameublement Concept Confort","description":"Ameublement Concept Confort propose une exp\u00e9rience de magasinage exceptionnelle avec une collection exclusive de fauteuils, causeuses et canap\u00e9s de qualit\u00e9 sup\u00e9rieure, con\u00e7us sp\u00e9cialement pour une client\u00e8le s\u00e9lective en qu\u00eate de confort, d&#039;\u00e9l\u00e9gance et de raffinement.","publisher":{"@id":"https:\/\/www.conceptconfort.ca\/#organization"},"potentialAction":[{"@type":"SearchAction","target":{"@type":"EntryPoint","urlTemplate":"https:\/\/www.conceptconfort.ca\/?s={search_term_string}"},"query-input":{"@type":"PropertyValueSpecification","valueRequired":true,"valueName":"search_term_string"}}],"inLanguage":"en-CA"},{"@type":"Organization","@id":"https:\/\/www.conceptconfort.ca\/#organization","name":"Ameublement Concept Confort","url":"https:\/\/www.conceptconfort.ca\/","logo":{"@type":"ImageObject","inLanguage":"en-CA","@id":"https:\/\/www.conceptconfort.ca\/#\/schema\/logo\/image\/","url":"https:\/\/www.conceptconfort.ca\/wp-content\/uploads\/2014\/06\/cropped-Logo-ameublement-conceptRGB2.png","contentUrl":"https:\/\/www.conceptconfort.ca\/wp-content\/uploads\/2014\/06\/cropped-Logo-ameublement-conceptRGB2.png","width":1017,"height":317,"caption":"Ameublement Concept Confort"},"image":{"@id":"https:\/\/www.conceptconfort.ca\/#\/schema\/logo\/image\/"},"sameAs":["https:\/\/facebook.com\/AmeublementConceptConfort\/","https:\/\/x.com\/ConceptConfort","https:\/\/www.instagram.com\/ameublement_concept_confort\/"]}]}},"post_mailing_queue_ids":[],"_links":{"self":[{"href":"https:\/\/www.conceptconfort.ca\/en\/wp-json\/wp\/v2\/pages\/4686","targetHints":{"allow":["GET"]}}],"collection":[{"href":"https:\/\/www.conceptconfort.ca\/en\/wp-json\/wp\/v2\/pages"}],"about":[{"href":"https:\/\/www.conceptconfort.ca\/en\/wp-json\/wp\/v2\/types\/page"}],"author":[{"embeddable":true,"href":"https:\/\/www.conceptconfort.ca\/en\/wp-json\/wp\/v2\/users\/3"}],"replies":[{"embeddable":true,"href":"https:\/\/www.conceptconfort.ca\/en\/wp-json\/wp\/v2\/comments?post=4686"}],"version-history":[{"count":4,"href":"https:\/\/www.conceptconfort.ca\/en\/wp-json\/wp\/v2\/pages\/4686\/revisions"}],"predecessor-version":[{"id":5733,"href":"https:\/\/www.conceptconfort.ca\/en\/wp-json\/wp\/v2\/pages\/4686\/revisions\/5733"}],"wp:attachment":[{"href":"https:\/\/www.conceptconfort.ca\/en\/wp-json\/wp\/v2\/media?parent=4686"}],"curies":[{"name":"wp","href":"https:\/\/api.w.org\/{rel}","templated":true}]}}