{"id":4688,"date":"2014-06-17T12:44:08","date_gmt":"2014-06-17T12:44:08","guid":{"rendered":"http:\/\/ninja.websitewelcome.com\/~conceptc\/?page_id=4688"},"modified":"2023-05-20T04:24:41","modified_gmt":"2023-05-20T08:24:41","slug":"livraison","status":"publish","type":"page","link":"https:\/\/www.conceptconfort.ca\/en\/livraison\/","title":{"rendered":"LIVRAISON"},"content":{"rendered":"<p>Ameublement Concept Confort assure la livraison professionnelle et rapide jusqu\u2019\u00e0 votre domicile. Le partenaire de livraison d\u2019Ameublement Concept Confort se soucie de chaque d\u00e9tail pour que l\u2019exp\u00e9rience soit des plus agr\u00e9able et efficace pour vous. Leur personnel courtois, charg\u00e9 de la livraison de votre mobilier, l\u2019apportera dans un \u00e9tat impeccable et se fera un devoir de le placer tel que vous le d\u00e9sirez dans votre demeure.<\/p>\n<p>Pour toute autre question, ou pour faire suite \u00e0 votre demande de livraison, veuillez contacter le service \u00e0 la client\u00e8le d\u2019Ameublement Concept Confort.<\/p>","protected":false},"excerpt":{"rendered":"<p>Ameublement Concept Confort assure la livraison professionnelle et rapide jusqu\u2019\u00e0 votre domicile. Le partenaire de livraison d\u2019Ameublement Concept Confort se soucie de chaque d\u00e9tail pour que l\u2019exp\u00e9rience soit des plus agr\u00e9able et efficace pour vous. Leur personnel courtois, charg\u00e9 de la livraison de votre mobilier, l\u2019apportera dans un \u00e9tat impeccable [&hellip;]<\/p>\n","protected":false},"author":3,"featured_media":6095,"parent":0,"menu_order":0,"comment_status":"closed","ping_status":"closed","template":"","meta":{"footnotes":""},"class_list":["post-4688","page","type-page","status-publish","has-post-thumbnail","hentry"],"yoast_head":"<!-- This site is optimized with the Yoast SEO Premium plugin v19.3 (Yoast SEO v27.6) - https:\/\/yoast.com\/product\/yoast-seo-premium-wordpress\/ -->\n<title>LIVRAISON - Ameublement Concept Confort<\/title>\n<meta name=\"description\" content=\"Ameublement Concept Confort assure la livraison professionnelle et rapide jusqu\u2019\u00e0 votre domicile\" \/>\n<meta name=\"robots\" content=\"index, follow, max-snippet:-1, max-image-preview:large, max-video-preview:-1\" \/>\n<link rel=\"canonical\" href=\"https:\/\/www.conceptconfort.ca\/en\/livraison\/\" \/>\n<meta property=\"og:locale\" content=\"en_US\" \/>\n<meta property=\"og:type\" content=\"article\" \/>\n<meta property=\"og:title\" content=\"LIVRAISON\" \/>\n<meta property=\"og:description\" content=\"Ameublement Concept Confort assure la livraison professionnelle et rapide jusqu\u2019\u00e0 votre domicile\" \/>\n<meta property=\"og:url\" content=\"https:\/\/www.conceptconfort.ca\/en\/livraison\/\" \/>\n<meta property=\"og:site_name\" content=\"Ameublement Concept Confort\" \/>\n<meta property=\"article:publisher\" content=\"https:\/\/facebook.com\/AmeublementConceptConfort\/\" \/>\n<meta property=\"article:modified_time\" content=\"2023-05-20T08:24:41+00:00\" \/>\n<meta property=\"og:image\" content=\"https:\/\/www.conceptconfort.ca\/wp-content\/uploads\/2020\/08\/cloudy-1866581_1920-1-e1596560254824.jpg\" \/>\n\t<meta property=\"og:image:width\" content=\"1920\" \/>\n\t<meta property=\"og:image:height\" content=\"849\" \/>\n\t<meta property=\"og:image:type\" content=\"image\/jpeg\" \/>\n<meta name=\"twitter:card\" content=\"summary_large_image\" \/>\n<meta name=\"twitter:site\" content=\"@ConceptConfort\" \/>\n<script type=\"application\/ld+json\" class=\"yoast-schema-graph\">{\"@context\":\"https:\\\/\\\/schema.org\",\"@graph\":[{\"@type\":\"WebPage\",\"@id\":\"https:\\\/\\\/www.conceptconfort.ca\\\/livraison\\\/\",\"url\":\"https:\\\/\\\/www.conceptconfort.ca\\\/livraison\\\/\",\"name\":\"LIVRAISON - Ameublement Concept Confort\",\"isPartOf\":{\"@id\":\"https:\\\/\\\/www.conceptconfort.ca\\\/#website\"},\"primaryImageOfPage\":{\"@id\":\"https:\\\/\\\/www.conceptconfort.ca\\\/livraison\\\/#primaryimage\"},\"image\":{\"@id\":\"https:\\\/\\\/www.conceptconfort.ca\\\/livraison\\\/#primaryimage\"},\"thumbnailUrl\":\"https:\\\/\\\/www.conceptconfort.ca\\\/wp-content\\\/uploads\\\/2020\\\/08\\\/cloudy-1866581_1920-1-e1596560254824.jpg\",\"datePublished\":\"2014-06-17T12:44:08+00:00\",\"dateModified\":\"2023-05-20T08:24:41+00:00\",\"description\":\"Ameublement Concept Confort assure la livraison professionnelle et rapide jusqu\u2019\u00e0 votre domicile\",\"breadcrumb\":{\"@id\":\"https:\\\/\\\/www.conceptconfort.ca\\\/livraison\\\/#breadcrumb\"},\"inLanguage\":\"en-CA\",\"potentialAction\":[{\"@type\":\"ReadAction\",\"target\":[\"https:\\\/\\\/www.conceptconfort.ca\\\/livraison\\\/\"]}]},{\"@type\":\"ImageObject\",\"inLanguage\":\"en-CA\",\"@id\":\"https:\\\/\\\/www.conceptconfort.ca\\\/livraison\\\/#primaryimage\",\"url\":\"https:\\\/\\\/www.conceptconfort.ca\\\/wp-content\\\/uploads\\\/2020\\\/08\\\/cloudy-1866581_1920-1-e1596560254824.jpg\",\"contentUrl\":\"https:\\\/\\\/www.conceptconfort.ca\\\/wp-content\\\/uploads\\\/2020\\\/08\\\/cloudy-1866581_1920-1-e1596560254824.jpg\",\"width\":1920,\"height\":849},{\"@type\":\"BreadcrumbList\",\"@id\":\"https:\\\/\\\/www.conceptconfort.ca\\\/livraison\\\/#breadcrumb\",\"itemListElement\":[{\"@type\":\"ListItem\",\"position\":1,\"name\":\"Home\",\"item\":\"https:\\\/\\\/www.conceptconfort.ca\\\/\"},{\"@type\":\"ListItem\",\"position\":2,\"name\":\"LIVRAISON\"}]},{\"@type\":\"WebSite\",\"@id\":\"https:\\\/\\\/www.conceptconfort.ca\\\/#website\",\"url\":\"https:\\\/\\\/www.conceptconfort.ca\\\/\",\"name\":\"Ameublement Concept Confort\",\"description\":\"Ameublement Concept Confort propose une exp\u00e9rience de magasinage exceptionnelle avec une collection exclusive de fauteuils, causeuses et canap\u00e9s de qualit\u00e9 sup\u00e9rieure, con\u00e7us sp\u00e9cialement pour une client\u00e8le s\u00e9lective en qu\u00eate de confort, d&#039;\u00e9l\u00e9gance et de raffinement.\",\"publisher\":{\"@id\":\"https:\\\/\\\/www.conceptconfort.ca\\\/#organization\"},\"potentialAction\":[{\"@type\":\"SearchAction\",\"target\":{\"@type\":\"EntryPoint\",\"urlTemplate\":\"https:\\\/\\\/www.conceptconfort.ca\\\/?s={search_term_string}\"},\"query-input\":{\"@type\":\"PropertyValueSpecification\",\"valueRequired\":true,\"valueName\":\"search_term_string\"}}],\"inLanguage\":\"en-CA\"},{\"@type\":\"Organization\",\"@id\":\"https:\\\/\\\/www.conceptconfort.ca\\\/#organization\",\"name\":\"Ameublement Concept Confort\",\"url\":\"https:\\\/\\\/www.conceptconfort.ca\\\/\",\"logo\":{\"@type\":\"ImageObject\",\"inLanguage\":\"en-CA\",\"@id\":\"https:\\\/\\\/www.conceptconfort.ca\\\/#\\\/schema\\\/logo\\\/image\\\/\",\"url\":\"https:\\\/\\\/www.conceptconfort.ca\\\/wp-content\\\/uploads\\\/2014\\\/06\\\/cropped-Logo-ameublement-conceptRGB2.png\",\"contentUrl\":\"https:\\\/\\\/www.conceptconfort.ca\\\/wp-content\\\/uploads\\\/2014\\\/06\\\/cropped-Logo-ameublement-conceptRGB2.png\",\"width\":1017,\"height\":317,\"caption\":\"Ameublement Concept Confort\"},\"image\":{\"@id\":\"https:\\\/\\\/www.conceptconfort.ca\\\/#\\\/schema\\\/logo\\\/image\\\/\"},\"sameAs\":[\"https:\\\/\\\/facebook.com\\\/AmeublementConceptConfort\\\/\",\"https:\\\/\\\/x.com\\\/ConceptConfort\",\"https:\\\/\\\/www.instagram.com\\\/ameublement_concept_confort\\\/\"]}]}<\/script>\n<!-- \/ Yoast SEO Premium plugin. -->","yoast_head_json":{"title":"LIVRAISON - Ameublement Concept Confort","description":"Ameublement Concept Confort assure la livraison professionnelle et rapide jusqu\u2019\u00e0 votre domicile","robots":{"index":"index","follow":"follow","max-snippet":"max-snippet:-1","max-image-preview":"max-image-preview:large","max-video-preview":"max-video-preview:-1"},"canonical":"https:\/\/www.conceptconfort.ca\/en\/livraison\/","og_locale":"en_US","og_type":"article","og_title":"LIVRAISON","og_description":"Ameublement Concept Confort assure la livraison professionnelle et rapide jusqu\u2019\u00e0 votre domicile","og_url":"https:\/\/www.conceptconfort.ca\/en\/livraison\/","og_site_name":"Ameublement Concept Confort","article_publisher":"https:\/\/facebook.com\/AmeublementConceptConfort\/","article_modified_time":"2023-05-20T08:24:41+00:00","og_image":[{"width":1920,"height":849,"url":"https:\/\/www.conceptconfort.ca\/wp-content\/uploads\/2020\/08\/cloudy-1866581_1920-1-e1596560254824.jpg","type":"image\/jpeg"}],"twitter_card":"summary_large_image","twitter_site":"@ConceptConfort","schema":{"@context":"https:\/\/schema.org","@graph":[{"@type":"WebPage","@id":"https:\/\/www.conceptconfort.ca\/livraison\/","url":"https:\/\/www.conceptconfort.ca\/livraison\/","name":"LIVRAISON - Ameublement Concept Confort","isPartOf":{"@id":"https:\/\/www.conceptconfort.ca\/#website"},"primaryImageOfPage":{"@id":"https:\/\/www.conceptconfort.ca\/livraison\/#primaryimage"},"image":{"@id":"https:\/\/www.conceptconfort.ca\/livraison\/#primaryimage"},"thumbnailUrl":"https:\/\/www.conceptconfort.ca\/wp-content\/uploads\/2020\/08\/cloudy-1866581_1920-1-e1596560254824.jpg","datePublished":"2014-06-17T12:44:08+00:00","dateModified":"2023-05-20T08:24:41+00:00","description":"Ameublement Concept Confort assure la livraison professionnelle et rapide jusqu\u2019\u00e0 votre domicile","breadcrumb":{"@id":"https:\/\/www.conceptconfort.ca\/livraison\/#breadcrumb"},"inLanguage":"en-CA","potentialAction":[{"@type":"ReadAction","target":["https:\/\/www.conceptconfort.ca\/livraison\/"]}]},{"@type":"ImageObject","inLanguage":"en-CA","@id":"https:\/\/www.conceptconfort.ca\/livraison\/#primaryimage","url":"https:\/\/www.conceptconfort.ca\/wp-content\/uploads\/2020\/08\/cloudy-1866581_1920-1-e1596560254824.jpg","contentUrl":"https:\/\/www.conceptconfort.ca\/wp-content\/uploads\/2020\/08\/cloudy-1866581_1920-1-e1596560254824.jpg","width":1920,"height":849},{"@type":"BreadcrumbList","@id":"https:\/\/www.conceptconfort.ca\/livraison\/#breadcrumb","itemListElement":[{"@type":"ListItem","position":1,"name":"Home","item":"https:\/\/www.conceptconfort.ca\/"},{"@type":"ListItem","position":2,"name":"LIVRAISON"}]},{"@type":"WebSite","@id":"https:\/\/www.conceptconfort.ca\/#website","url":"https:\/\/www.conceptconfort.ca\/","name":"Ameublement Concept Confort","description":"Ameublement Concept Confort propose une exp\u00e9rience de magasinage exceptionnelle avec une collection exclusive de fauteuils, causeuses et canap\u00e9s de qualit\u00e9 sup\u00e9rieure, con\u00e7us sp\u00e9cialement pour une client\u00e8le s\u00e9lective en qu\u00eate de confort, d&#039;\u00e9l\u00e9gance et de raffinement.","publisher":{"@id":"https:\/\/www.conceptconfort.ca\/#organization"},"potentialAction":[{"@type":"SearchAction","target":{"@type":"EntryPoint","urlTemplate":"https:\/\/www.conceptconfort.ca\/?s={search_term_string}"},"query-input":{"@type":"PropertyValueSpecification","valueRequired":true,"valueName":"search_term_string"}}],"inLanguage":"en-CA"},{"@type":"Organization","@id":"https:\/\/www.conceptconfort.ca\/#organization","name":"Ameublement Concept Confort","url":"https:\/\/www.conceptconfort.ca\/","logo":{"@type":"ImageObject","inLanguage":"en-CA","@id":"https:\/\/www.conceptconfort.ca\/#\/schema\/logo\/image\/","url":"https:\/\/www.conceptconfort.ca\/wp-content\/uploads\/2014\/06\/cropped-Logo-ameublement-conceptRGB2.png","contentUrl":"https:\/\/www.conceptconfort.ca\/wp-content\/uploads\/2014\/06\/cropped-Logo-ameublement-conceptRGB2.png","width":1017,"height":317,"caption":"Ameublement Concept Confort"},"image":{"@id":"https:\/\/www.conceptconfort.ca\/#\/schema\/logo\/image\/"},"sameAs":["https:\/\/facebook.com\/AmeublementConceptConfort\/","https:\/\/x.com\/ConceptConfort","https:\/\/www.instagram.com\/ameublement_concept_confort\/"]}]}},"post_mailing_queue_ids":[],"_links":{"self":[{"href":"https:\/\/www.conceptconfort.ca\/en\/wp-json\/wp\/v2\/pages\/4688","targetHints":{"allow":["GET"]}}],"collection":[{"href":"https:\/\/www.conceptconfort.ca\/en\/wp-json\/wp\/v2\/pages"}],"about":[{"href":"https:\/\/www.conceptconfort.ca\/en\/wp-json\/wp\/v2\/types\/page"}],"author":[{"embeddable":true,"href":"https:\/\/www.conceptconfort.ca\/en\/wp-json\/wp\/v2\/users\/3"}],"replies":[{"embeddable":true,"href":"https:\/\/www.conceptconfort.ca\/en\/wp-json\/wp\/v2\/comments?post=4688"}],"version-history":[{"count":6,"href":"https:\/\/www.conceptconfort.ca\/en\/wp-json\/wp\/v2\/pages\/4688\/revisions"}],"predecessor-version":[{"id":7009,"href":"https:\/\/www.conceptconfort.ca\/en\/wp-json\/wp\/v2\/pages\/4688\/revisions\/7009"}],"wp:featuredmedia":[{"embeddable":true,"href":"https:\/\/www.conceptconfort.ca\/en\/wp-json\/wp\/v2\/media\/6095"}],"wp:attachment":[{"href":"https:\/\/www.conceptconfort.ca\/en\/wp-json\/wp\/v2\/media?parent=4688"}],"curies":[{"name":"wp","href":"https:\/\/api.w.org\/{rel}","templated":true}]}}