{"id":5739,"date":"2020-06-02T20:46:18","date_gmt":"2020-06-03T00:46:18","guid":{"rendered":"http:\/\/www.conceptconfort.ca\/?page_id=5739"},"modified":"2020-09-05T11:32:48","modified_gmt":"2020-09-05T15:32:48","slug":"inscription-infolettre","status":"publish","type":"page","link":"https:\/\/www.conceptconfort.ca\/en\/inscription-infolettre\/","title":{"rendered":"Inscription Infolettre"},"content":{"rendered":"\t\t<div data-elementor-type=\"wp-page\" data-elementor-id=\"5739\" class=\"elementor elementor-5739\" data-elementor-post-type=\"page\">\n\t\t\t\t\t\t<section class=\"elementor-section elementor-top-section elementor-element elementor-element-17603ea7 elementor-section-stretched elementor-section-boxed elementor-section-height-default elementor-section-height-default\" data-id=\"17603ea7\" data-element_type=\"section\" data-e-type=\"section\" data-settings=\"{&quot;background_background&quot;:&quot;slideshow&quot;,&quot;background_slideshow_gallery&quot;:[{&quot;id&quot;:6020,&quot;url&quot;:&quot;http:\\\/\\\/www.conceptconfort.ca\\\/wp-content\\\/uploads\\\/2020\\\/07\\\/Offshore-1-1.jpg&quot;}],&quot;stretch_section&quot;:&quot;section-stretched&quot;,&quot;background_slideshow_slide_duration&quot;:5000,&quot;background_slideshow_slide_transition&quot;:&quot;fade&quot;,&quot;background_slideshow_transition_duration&quot;:500}\">\n\t\t\t\t\t\t\t<div class=\"elementor-background-overlay\"><\/div>\n\t\t\t\t\t\t\t<div class=\"elementor-container elementor-column-gap-default\">\n\t\t\t\t\t<div class=\"elementor-column elementor-col-100 elementor-top-column elementor-element elementor-element-7dfd9b22\" data-id=\"7dfd9b22\" data-element_type=\"column\" data-e-type=\"column\">\n\t\t\t<div class=\"elementor-widget-wrap elementor-element-populated\">\n\t\t\t\t\t\t<div class=\"elementor-element elementor-element-1fe759ad elementor-widget elementor-widget-heading\" data-id=\"1fe759ad\" data-element_type=\"widget\" data-e-type=\"widget\" data-widget_type=\"heading.default\">\n\t\t\t\t<div class=\"elementor-widget-container\">\n\t\t\t\t\t<h4 class=\"elementor-heading-title elementor-size-medium\">INFOLETTRE<\/h4>\t\t\t\t<\/div>\n\t\t\t\t<\/div>\n\t\t\t\t<div class=\"elementor-element elementor-element-29dcee37 elementor-widget-divider--view-line elementor-widget elementor-widget-divider\" data-id=\"29dcee37\" data-element_type=\"widget\" data-e-type=\"widget\" data-widget_type=\"divider.default\">\n\t\t\t\t<div class=\"elementor-widget-container\">\n\t\t\t\t\t\t\t<div class=\"elementor-divider\">\n\t\t\t<span class=\"elementor-divider-separator\">\n\t\t\t\t\t\t<\/span>\n\t\t<\/div>\n\t\t\t\t\t\t<\/div>\n\t\t\t\t<\/div>\n\t\t\t\t<div class=\"elementor-element elementor-element-302e64c2 elementor-widget elementor-widget-heading\" data-id=\"302e64c2\" data-element_type=\"widget\" data-e-type=\"widget\" data-widget_type=\"heading.default\">\n\t\t\t\t<div class=\"elementor-widget-container\">\n\t\t\t\t\t<h1 class=\"elementor-heading-title elementor-size-medium\">CONNA\u00ceTRE NOS RABAIS ET PROMOS<\/h1>\t\t\t\t<\/div>\n\t\t\t\t<\/div>\n\t\t\t\t\t<\/div>\n\t\t<\/div>\n\t\t\t\t\t<\/div>\n\t\t<\/section>\n\t\t\t\t<section class=\"elementor-section elementor-top-section elementor-element elementor-element-4edb4f9 elementor-section-boxed elementor-section-height-default elementor-section-height-default\" data-id=\"4edb4f9\" data-element_type=\"section\" data-e-type=\"section\">\n\t\t\t\t\t\t<div class=\"elementor-container elementor-column-gap-default\">\n\t\t\t\t\t<div class=\"elementor-column elementor-col-25 elementor-top-column elementor-element elementor-element-983544a\" data-id=\"983544a\" data-element_type=\"column\" data-e-type=\"column\">\n\t\t\t<div class=\"elementor-widget-wrap\">\n\t\t\t\t\t\t\t<\/div>\n\t\t<\/div>\n\t\t\t\t<div class=\"elementor-column elementor-col-50 elementor-top-column elementor-element elementor-element-3a9f915\" data-id=\"3a9f915\" data-element_type=\"column\" data-e-type=\"column\">\n\t\t\t<div class=\"elementor-widget-wrap elementor-element-populated\">\n\t\t\t\t\t\t<div class=\"elementor-element elementor-element-edc4a49 elementor-button-align-stretch elementor-widget elementor-widget-form\" data-id=\"edc4a49\" data-element_type=\"widget\" data-e-type=\"widget\" data-settings=\"{&quot;step_next_label&quot;:&quot;Next&quot;,&quot;step_previous_label&quot;:&quot;Previous&quot;,&quot;button_width&quot;:&quot;100&quot;,&quot;step_type&quot;:&quot;number_text&quot;,&quot;step_icon_shape&quot;:&quot;circle&quot;}\" data-widget_type=\"form.default\">\n\t\t\t\t<div class=\"elementor-widget-container\">\n\t\t\t\t\t\t\t<form class=\"elementor-form\" method=\"post\" name=\"New Form\">\n\t\t\t<input type=\"hidden\" name=\"post_id\" value=\"5739\"\/>\n\t\t\t<input type=\"hidden\" name=\"form_id\" value=\"edc4a49\"\/>\n\t\t\t<input type=\"hidden\" name=\"referer_title\" value=\"Inscription Infolettre - Ameublement Concept Confort\" \/>\n\n\t\t\t\t\t\t\t<input type=\"hidden\" name=\"queried_id\" value=\"5739\"\/>\n\t\t\t\n\t\t\t<div class=\"elementor-form-fields-wrapper elementor-labels-above\">\n\t\t\t\t\t\t\t\t<div class=\"elementor-field-type-text elementor-field-group elementor-column elementor-field-group-name elementor-col-40 elementor-field-required\">\n\t\t\t\t\t\t\t\t\t\t\t\t\t<input size=\"1\" type=\"text\" name=\"form_fields[name]\" id=\"form-field-name\" class=\"elementor-field elementor-size-sm  elementor-field-textual\" placeholder=\"Nom complet\" required=\"required\">\n\t\t\t\t\t\t\t\t\t\t\t<\/div>\n\t\t\t\t\t\t\t\t<div class=\"elementor-field-type-email elementor-field-group elementor-column elementor-field-group-email elementor-col-60 elementor-field-required\">\n\t\t\t\t\t\t\t\t\t\t\t\t\t<input size=\"1\" type=\"email\" name=\"form_fields[email]\" id=\"form-field-email\" class=\"elementor-field elementor-size-sm  elementor-field-textual\" placeholder=\"Courriel\" required=\"required\">\n\t\t\t\t\t\t\t\t\t\t\t<\/div>\n\t\t\t\t\t\t\t\t<div class=\"elementor-field-group elementor-column elementor-field-type-submit elementor-col-100 e-form__buttons\">\n\t\t\t\t\t<button class=\"elementor-button elementor-size-sm\" type=\"submit\">\n\t\t\t\t\t\t<span class=\"elementor-button-content-wrapper\">\n\t\t\t\t\t\t\t\t\t\t\t\t\t\t\t\t\t\t\t\t\t\t<span class=\"elementor-button-text\">ENVOYER<\/span>\n\t\t\t\t\t\t\t\t\t\t\t\t\t<\/span>\n\t\t\t\t\t<\/button>\n\t\t\t\t<\/div>\n\t\t\t<\/div>\n\t\t<\/form>\n\t\t\t\t\t\t<\/div>\n\t\t\t\t<\/div>\n\t\t\t\t\t<\/div>\n\t\t<\/div>\n\t\t\t\t<div class=\"elementor-column elementor-col-25 elementor-top-column elementor-element elementor-element-d115a5b\" data-id=\"d115a5b\" data-element_type=\"column\" data-e-type=\"column\">\n\t\t\t<div class=\"elementor-widget-wrap\">\n\t\t\t\t\t\t\t<\/div>\n\t\t<\/div>\n\t\t\t\t\t<\/div>\n\t\t<\/section>\n\t\t\t\t<\/div>\n\t\t","protected":false},"excerpt":{"rendered":"<p>INFOLETTRE CONNA\u00ceTRE NOS RABAIS ET PROMOS<\/p>","protected":false},"author":2,"featured_media":0,"parent":0,"menu_order":0,"comment_status":"closed","ping_status":"closed","template":"","meta":{"footnotes":""},"class_list":["post-5739","page","type-page","status-publish","hentry"],"yoast_head":"<!-- This site is optimized with the Yoast SEO Premium plugin v19.3 (Yoast SEO v27.6) - https:\/\/yoast.com\/product\/yoast-seo-premium-wordpress\/ -->\n<title>Inscription Infolettre - Ameublement Concept Confort<\/title>\n<meta name=\"robots\" content=\"index, follow, max-snippet:-1, max-image-preview:large, max-video-preview:-1\" \/>\n<link rel=\"canonical\" href=\"https:\/\/www.conceptconfort.ca\/en\/inscription-infolettre\/\" \/>\n<meta property=\"og:locale\" content=\"en_US\" \/>\n<meta property=\"og:type\" content=\"article\" \/>\n<meta property=\"og:title\" content=\"Inscription Infolettre\" \/>\n<meta property=\"og:description\" content=\"INFOLETTRE CONNA\u00ceTRE NOS RABAIS ET PROMOS\" \/>\n<meta property=\"og:url\" content=\"https:\/\/www.conceptconfort.ca\/en\/inscription-infolettre\/\" \/>\n<meta property=\"og:site_name\" content=\"Ameublement Concept Confort\" \/>\n<meta property=\"article:publisher\" content=\"https:\/\/facebook.com\/AmeublementConceptConfort\/\" \/>\n<meta property=\"article:modified_time\" content=\"2020-09-05T15:32:48+00:00\" \/>\n<meta name=\"twitter:card\" content=\"summary_large_image\" \/>\n<meta name=\"twitter:site\" content=\"@ConceptConfort\" \/>\n<script type=\"application\/ld+json\" class=\"yoast-schema-graph\">{\"@context\":\"https:\\\/\\\/schema.org\",\"@graph\":[{\"@type\":\"WebPage\",\"@id\":\"https:\\\/\\\/www.conceptconfort.ca\\\/inscription-infolettre\\\/\",\"url\":\"https:\\\/\\\/www.conceptconfort.ca\\\/inscription-infolettre\\\/\",\"name\":\"Inscription Infolettre - Ameublement Concept Confort\",\"isPartOf\":{\"@id\":\"https:\\\/\\\/www.conceptconfort.ca\\\/#website\"},\"datePublished\":\"2020-06-03T00:46:18+00:00\",\"dateModified\":\"2020-09-05T15:32:48+00:00\",\"breadcrumb\":{\"@id\":\"https:\\\/\\\/www.conceptconfort.ca\\\/inscription-infolettre\\\/#breadcrumb\"},\"inLanguage\":\"en-CA\",\"potentialAction\":[{\"@type\":\"ReadAction\",\"target\":[\"https:\\\/\\\/www.conceptconfort.ca\\\/inscription-infolettre\\\/\"]}]},{\"@type\":\"BreadcrumbList\",\"@id\":\"https:\\\/\\\/www.conceptconfort.ca\\\/inscription-infolettre\\\/#breadcrumb\",\"itemListElement\":[{\"@type\":\"ListItem\",\"position\":1,\"name\":\"Home\",\"item\":\"https:\\\/\\\/www.conceptconfort.ca\\\/\"},{\"@type\":\"ListItem\",\"position\":2,\"name\":\"Inscription Infolettre\"}]},{\"@type\":\"WebSite\",\"@id\":\"https:\\\/\\\/www.conceptconfort.ca\\\/#website\",\"url\":\"https:\\\/\\\/www.conceptconfort.ca\\\/\",\"name\":\"Ameublement Concept Confort\",\"description\":\"Ameublement Concept Confort propose une exp\u00e9rience de magasinage exceptionnelle avec une collection exclusive de fauteuils, causeuses et canap\u00e9s de qualit\u00e9 sup\u00e9rieure, con\u00e7us sp\u00e9cialement pour une client\u00e8le s\u00e9lective en qu\u00eate de confort, d&#039;\u00e9l\u00e9gance et de raffinement.\",\"publisher\":{\"@id\":\"https:\\\/\\\/www.conceptconfort.ca\\\/#organization\"},\"potentialAction\":[{\"@type\":\"SearchAction\",\"target\":{\"@type\":\"EntryPoint\",\"urlTemplate\":\"https:\\\/\\\/www.conceptconfort.ca\\\/?s={search_term_string}\"},\"query-input\":{\"@type\":\"PropertyValueSpecification\",\"valueRequired\":true,\"valueName\":\"search_term_string\"}}],\"inLanguage\":\"en-CA\"},{\"@type\":\"Organization\",\"@id\":\"https:\\\/\\\/www.conceptconfort.ca\\\/#organization\",\"name\":\"Ameublement Concept Confort\",\"url\":\"https:\\\/\\\/www.conceptconfort.ca\\\/\",\"logo\":{\"@type\":\"ImageObject\",\"inLanguage\":\"en-CA\",\"@id\":\"https:\\\/\\\/www.conceptconfort.ca\\\/#\\\/schema\\\/logo\\\/image\\\/\",\"url\":\"https:\\\/\\\/www.conceptconfort.ca\\\/wp-content\\\/uploads\\\/2014\\\/06\\\/cropped-Logo-ameublement-conceptRGB2.png\",\"contentUrl\":\"https:\\\/\\\/www.conceptconfort.ca\\\/wp-content\\\/uploads\\\/2014\\\/06\\\/cropped-Logo-ameublement-conceptRGB2.png\",\"width\":1017,\"height\":317,\"caption\":\"Ameublement Concept Confort\"},\"image\":{\"@id\":\"https:\\\/\\\/www.conceptconfort.ca\\\/#\\\/schema\\\/logo\\\/image\\\/\"},\"sameAs\":[\"https:\\\/\\\/facebook.com\\\/AmeublementConceptConfort\\\/\",\"https:\\\/\\\/x.com\\\/ConceptConfort\",\"https:\\\/\\\/www.instagram.com\\\/ameublement_concept_confort\\\/\"]}]}<\/script>\n<!-- \/ Yoast SEO Premium plugin. -->","yoast_head_json":{"title":"Inscription Infolettre - Ameublement Concept Confort","robots":{"index":"index","follow":"follow","max-snippet":"max-snippet:-1","max-image-preview":"max-image-preview:large","max-video-preview":"max-video-preview:-1"},"canonical":"https:\/\/www.conceptconfort.ca\/en\/inscription-infolettre\/","og_locale":"en_US","og_type":"article","og_title":"Inscription Infolettre","og_description":"INFOLETTRE CONNA\u00ceTRE NOS RABAIS ET PROMOS","og_url":"https:\/\/www.conceptconfort.ca\/en\/inscription-infolettre\/","og_site_name":"Ameublement Concept Confort","article_publisher":"https:\/\/facebook.com\/AmeublementConceptConfort\/","article_modified_time":"2020-09-05T15:32:48+00:00","twitter_card":"summary_large_image","twitter_site":"@ConceptConfort","schema":{"@context":"https:\/\/schema.org","@graph":[{"@type":"WebPage","@id":"https:\/\/www.conceptconfort.ca\/inscription-infolettre\/","url":"https:\/\/www.conceptconfort.ca\/inscription-infolettre\/","name":"Inscription Infolettre - Ameublement Concept Confort","isPartOf":{"@id":"https:\/\/www.conceptconfort.ca\/#website"},"datePublished":"2020-06-03T00:46:18+00:00","dateModified":"2020-09-05T15:32:48+00:00","breadcrumb":{"@id":"https:\/\/www.conceptconfort.ca\/inscription-infolettre\/#breadcrumb"},"inLanguage":"en-CA","potentialAction":[{"@type":"ReadAction","target":["https:\/\/www.conceptconfort.ca\/inscription-infolettre\/"]}]},{"@type":"BreadcrumbList","@id":"https:\/\/www.conceptconfort.ca\/inscription-infolettre\/#breadcrumb","itemListElement":[{"@type":"ListItem","position":1,"name":"Home","item":"https:\/\/www.conceptconfort.ca\/"},{"@type":"ListItem","position":2,"name":"Inscription Infolettre"}]},{"@type":"WebSite","@id":"https:\/\/www.conceptconfort.ca\/#website","url":"https:\/\/www.conceptconfort.ca\/","name":"Ameublement Concept Confort","description":"Ameublement Concept Confort propose une exp\u00e9rience de magasinage exceptionnelle avec une collection exclusive de fauteuils, causeuses et canap\u00e9s de qualit\u00e9 sup\u00e9rieure, con\u00e7us sp\u00e9cialement pour une client\u00e8le s\u00e9lective en qu\u00eate de confort, d&#039;\u00e9l\u00e9gance et de raffinement.","publisher":{"@id":"https:\/\/www.conceptconfort.ca\/#organization"},"potentialAction":[{"@type":"SearchAction","target":{"@type":"EntryPoint","urlTemplate":"https:\/\/www.conceptconfort.ca\/?s={search_term_string}"},"query-input":{"@type":"PropertyValueSpecification","valueRequired":true,"valueName":"search_term_string"}}],"inLanguage":"en-CA"},{"@type":"Organization","@id":"https:\/\/www.conceptconfort.ca\/#organization","name":"Ameublement Concept Confort","url":"https:\/\/www.conceptconfort.ca\/","logo":{"@type":"ImageObject","inLanguage":"en-CA","@id":"https:\/\/www.conceptconfort.ca\/#\/schema\/logo\/image\/","url":"https:\/\/www.conceptconfort.ca\/wp-content\/uploads\/2014\/06\/cropped-Logo-ameublement-conceptRGB2.png","contentUrl":"https:\/\/www.conceptconfort.ca\/wp-content\/uploads\/2014\/06\/cropped-Logo-ameublement-conceptRGB2.png","width":1017,"height":317,"caption":"Ameublement Concept Confort"},"image":{"@id":"https:\/\/www.conceptconfort.ca\/#\/schema\/logo\/image\/"},"sameAs":["https:\/\/facebook.com\/AmeublementConceptConfort\/","https:\/\/x.com\/ConceptConfort","https:\/\/www.instagram.com\/ameublement_concept_confort\/"]}]}},"post_mailing_queue_ids":[],"_links":{"self":[{"href":"https:\/\/www.conceptconfort.ca\/en\/wp-json\/wp\/v2\/pages\/5739","targetHints":{"allow":["GET"]}}],"collection":[{"href":"https:\/\/www.conceptconfort.ca\/en\/wp-json\/wp\/v2\/pages"}],"about":[{"href":"https:\/\/www.conceptconfort.ca\/en\/wp-json\/wp\/v2\/types\/page"}],"author":[{"embeddable":true,"href":"https:\/\/www.conceptconfort.ca\/en\/wp-json\/wp\/v2\/users\/2"}],"replies":[{"embeddable":true,"href":"https:\/\/www.conceptconfort.ca\/en\/wp-json\/wp\/v2\/comments?post=5739"}],"version-history":[{"count":4,"href":"https:\/\/www.conceptconfort.ca\/en\/wp-json\/wp\/v2\/pages\/5739\/revisions"}],"predecessor-version":[{"id":6721,"href":"https:\/\/www.conceptconfort.ca\/en\/wp-json\/wp\/v2\/pages\/5739\/revisions\/6721"}],"wp:attachment":[{"href":"https:\/\/www.conceptconfort.ca\/en\/wp-json\/wp\/v2\/media?parent=5739"}],"curies":[{"name":"wp","href":"https:\/\/api.w.org\/{rel}","templated":true}]}}