{"id":7416,"date":"2023-05-24T04:40:16","date_gmt":"2023-05-24T08:40:16","guid":{"rendered":"https:\/\/www.conceptconfort.ca\/?page_id=7416"},"modified":"2023-05-24T04:40:16","modified_gmt":"2023-05-24T08:40:16","slug":"partners","status":"publish","type":"page","link":"https:\/\/www.conceptconfort.ca\/en\/partners\/","title":{"rendered":"Partners"},"content":{"rendered":"<p>Welcome to our Partners Page! Here, we proudly present a curated collection of esteemed websites that have partnered with us or mentioned our organization. These collaborations and acknowledgments highlight the mutual trust and recognition we share with our network of esteemed partners.<\/p>\n<h2>Press Releases<\/h2>\n<p><a href=\"https:\/\/decorermaison.ca\/canapes-haut-de-gamme-et-design-italien\/\" target=\"_blank\" rel=\"noopener\">Mobilier de salon haute de gamme<\/a> &#8211; Decorermaison.ca<\/p>\n<p><a href=\"https:\/\/ageofnotes.com\/ameublement-concept-confort\/\" target=\"_blank\" rel=\"noopener\">Ameublement Concept Confort: Canada\u2019s Premier Choice for Luxury Furniture<\/a><\/p>\n<h2>Directories We Trust<\/h2>\n<p><a href=\"https:\/\/www.zoominfo.com\/c\/ameublement-concept-confort\/533126798\" target=\"_blank\" rel=\"noopener\">Zoominfo<\/a><\/p>\n<p><a href=\"https:\/\/www.crunchbase.com\/organization\/ameublement-concept-confort\" target=\"_blank\" rel=\"noopener\">Crunchbase<\/a><\/p>\n<p><a href=\"https:\/\/fr.cylex-canada.ca\/entreprise\/ameublement-concept-confort-corp--24082696.html\" target=\"_blank\" rel=\"noopener\">Cylex Canada<\/a><\/p>\n<p><a href=\"https:\/\/canada247.info\/explore\/quebec\/therese_de_blainville\/sainte_anne_des_plaines\/ameublement_concept_confort.html\" target=\"_blank\" rel=\"noopener\">Canada247<\/a><\/p>\n<p><a href=\"https:\/\/vymaps.com\/CA\/Ameublement-Concept-Confort-Corp-134094327372561\/\" target=\"_blank\" rel=\"noopener\">Vymaps<\/a><\/p>\n<p><a href=\"https:\/\/golden.com\/wiki\/Ameublement_Concept_Confort-RE5PEX9\" target=\"_blank\" rel=\"noopener\">Golden<\/a><\/p>\n<p><span>Thank you to all our partners for believing in our vision and for being an integral part of our growth story. Together, we are shaping a brighter future and making a lasting impact.<\/span><\/p>","protected":false},"excerpt":{"rendered":"<p>Welcome to our Partners Page! Here, we proudly present a curated collection of esteemed websites that have partnered with us or mentioned our organization. These collaborations and acknowledgments highlight the mutual trust and recognition we share with our network of esteemed partners. Press Releases Mobilier de salon haute de gamme [&hellip;]<\/p>\n","protected":false},"author":2,"featured_media":0,"parent":0,"menu_order":0,"comment_status":"closed","ping_status":"closed","template":"","meta":{"footnotes":""},"class_list":["post-7416","page","type-page","status-publish","hentry"],"yoast_head":"<!-- This site is optimized with the Yoast SEO Premium plugin v19.3 (Yoast SEO v27.6) - https:\/\/yoast.com\/product\/yoast-seo-premium-wordpress\/ -->\n<title>Partners - Ameublement Concept Confort<\/title>\n<meta name=\"robots\" content=\"index, follow, max-snippet:-1, max-image-preview:large, max-video-preview:-1\" \/>\n<link rel=\"canonical\" href=\"https:\/\/www.conceptconfort.ca\/en\/partners\/\" \/>\n<meta property=\"og:locale\" content=\"en_US\" \/>\n<meta property=\"og:type\" content=\"article\" \/>\n<meta property=\"og:title\" content=\"Partners\" \/>\n<meta property=\"og:description\" content=\"Welcome to our Partners Page! Here, we proudly present a curated collection of esteemed websites that have partnered with us or mentioned our organization. These collaborations and acknowledgments highlight the mutual trust and recognition we share with our network of esteemed partners. Press Releases Mobilier de salon haute de gamme [&hellip;]\" \/>\n<meta property=\"og:url\" content=\"https:\/\/www.conceptconfort.ca\/en\/partners\/\" \/>\n<meta property=\"og:site_name\" content=\"Ameublement Concept Confort\" \/>\n<meta property=\"article:publisher\" content=\"https:\/\/facebook.com\/AmeublementConceptConfort\/\" \/>\n<meta name=\"twitter:card\" content=\"summary_large_image\" \/>\n<meta name=\"twitter:site\" content=\"@ConceptConfort\" \/>\n<meta name=\"twitter:label1\" content=\"Est. reading time\" \/>\n\t<meta name=\"twitter:data1\" content=\"1 minute\" \/>\n<script type=\"application\/ld+json\" class=\"yoast-schema-graph\">{\"@context\":\"https:\\\/\\\/schema.org\",\"@graph\":[{\"@type\":\"WebPage\",\"@id\":\"https:\\\/\\\/www.conceptconfort.ca\\\/partners\\\/\",\"url\":\"https:\\\/\\\/www.conceptconfort.ca\\\/partners\\\/\",\"name\":\"Partners - Ameublement Concept Confort\",\"isPartOf\":{\"@id\":\"https:\\\/\\\/www.conceptconfort.ca\\\/#website\"},\"datePublished\":\"2023-05-24T08:40:16+00:00\",\"breadcrumb\":{\"@id\":\"https:\\\/\\\/www.conceptconfort.ca\\\/partners\\\/#breadcrumb\"},\"inLanguage\":\"en-CA\",\"potentialAction\":[{\"@type\":\"ReadAction\",\"target\":[\"https:\\\/\\\/www.conceptconfort.ca\\\/partners\\\/\"]}]},{\"@type\":\"BreadcrumbList\",\"@id\":\"https:\\\/\\\/www.conceptconfort.ca\\\/partners\\\/#breadcrumb\",\"itemListElement\":[{\"@type\":\"ListItem\",\"position\":1,\"name\":\"Home\",\"item\":\"https:\\\/\\\/www.conceptconfort.ca\\\/\"},{\"@type\":\"ListItem\",\"position\":2,\"name\":\"Partners\"}]},{\"@type\":\"WebSite\",\"@id\":\"https:\\\/\\\/www.conceptconfort.ca\\\/#website\",\"url\":\"https:\\\/\\\/www.conceptconfort.ca\\\/\",\"name\":\"Ameublement Concept Confort\",\"description\":\"Ameublement Concept Confort propose une exp\u00e9rience de magasinage exceptionnelle avec une collection exclusive de fauteuils, causeuses et canap\u00e9s de qualit\u00e9 sup\u00e9rieure, con\u00e7us sp\u00e9cialement pour une client\u00e8le s\u00e9lective en qu\u00eate de confort, d&#039;\u00e9l\u00e9gance et de raffinement.\",\"publisher\":{\"@id\":\"https:\\\/\\\/www.conceptconfort.ca\\\/#organization\"},\"potentialAction\":[{\"@type\":\"SearchAction\",\"target\":{\"@type\":\"EntryPoint\",\"urlTemplate\":\"https:\\\/\\\/www.conceptconfort.ca\\\/?s={search_term_string}\"},\"query-input\":{\"@type\":\"PropertyValueSpecification\",\"valueRequired\":true,\"valueName\":\"search_term_string\"}}],\"inLanguage\":\"en-CA\"},{\"@type\":\"Organization\",\"@id\":\"https:\\\/\\\/www.conceptconfort.ca\\\/#organization\",\"name\":\"Ameublement Concept Confort\",\"url\":\"https:\\\/\\\/www.conceptconfort.ca\\\/\",\"logo\":{\"@type\":\"ImageObject\",\"inLanguage\":\"en-CA\",\"@id\":\"https:\\\/\\\/www.conceptconfort.ca\\\/#\\\/schema\\\/logo\\\/image\\\/\",\"url\":\"https:\\\/\\\/www.conceptconfort.ca\\\/wp-content\\\/uploads\\\/2014\\\/06\\\/cropped-Logo-ameublement-conceptRGB2.png\",\"contentUrl\":\"https:\\\/\\\/www.conceptconfort.ca\\\/wp-content\\\/uploads\\\/2014\\\/06\\\/cropped-Logo-ameublement-conceptRGB2.png\",\"width\":1017,\"height\":317,\"caption\":\"Ameublement Concept Confort\"},\"image\":{\"@id\":\"https:\\\/\\\/www.conceptconfort.ca\\\/#\\\/schema\\\/logo\\\/image\\\/\"},\"sameAs\":[\"https:\\\/\\\/facebook.com\\\/AmeublementConceptConfort\\\/\",\"https:\\\/\\\/x.com\\\/ConceptConfort\",\"https:\\\/\\\/www.instagram.com\\\/ameublement_concept_confort\\\/\"]}]}<\/script>\n<!-- \/ Yoast SEO Premium plugin. -->","yoast_head_json":{"title":"Partners - Ameublement Concept Confort","robots":{"index":"index","follow":"follow","max-snippet":"max-snippet:-1","max-image-preview":"max-image-preview:large","max-video-preview":"max-video-preview:-1"},"canonical":"https:\/\/www.conceptconfort.ca\/en\/partners\/","og_locale":"en_US","og_type":"article","og_title":"Partners","og_description":"Welcome to our Partners Page! Here, we proudly present a curated collection of esteemed websites that have partnered with us or mentioned our organization. These collaborations and acknowledgments highlight the mutual trust and recognition we share with our network of esteemed partners. Press Releases Mobilier de salon haute de gamme [&hellip;]","og_url":"https:\/\/www.conceptconfort.ca\/en\/partners\/","og_site_name":"Ameublement Concept Confort","article_publisher":"https:\/\/facebook.com\/AmeublementConceptConfort\/","twitter_card":"summary_large_image","twitter_site":"@ConceptConfort","twitter_misc":{"Est. reading time":"1 minute"},"schema":{"@context":"https:\/\/schema.org","@graph":[{"@type":"WebPage","@id":"https:\/\/www.conceptconfort.ca\/partners\/","url":"https:\/\/www.conceptconfort.ca\/partners\/","name":"Partners - Ameublement Concept Confort","isPartOf":{"@id":"https:\/\/www.conceptconfort.ca\/#website"},"datePublished":"2023-05-24T08:40:16+00:00","breadcrumb":{"@id":"https:\/\/www.conceptconfort.ca\/partners\/#breadcrumb"},"inLanguage":"en-CA","potentialAction":[{"@type":"ReadAction","target":["https:\/\/www.conceptconfort.ca\/partners\/"]}]},{"@type":"BreadcrumbList","@id":"https:\/\/www.conceptconfort.ca\/partners\/#breadcrumb","itemListElement":[{"@type":"ListItem","position":1,"name":"Home","item":"https:\/\/www.conceptconfort.ca\/"},{"@type":"ListItem","position":2,"name":"Partners"}]},{"@type":"WebSite","@id":"https:\/\/www.conceptconfort.ca\/#website","url":"https:\/\/www.conceptconfort.ca\/","name":"Ameublement Concept Confort","description":"Ameublement Concept Confort propose une exp\u00e9rience de magasinage exceptionnelle avec une collection exclusive de fauteuils, causeuses et canap\u00e9s de qualit\u00e9 sup\u00e9rieure, con\u00e7us sp\u00e9cialement pour une client\u00e8le s\u00e9lective en qu\u00eate de confort, d&#039;\u00e9l\u00e9gance et de raffinement.","publisher":{"@id":"https:\/\/www.conceptconfort.ca\/#organization"},"potentialAction":[{"@type":"SearchAction","target":{"@type":"EntryPoint","urlTemplate":"https:\/\/www.conceptconfort.ca\/?s={search_term_string}"},"query-input":{"@type":"PropertyValueSpecification","valueRequired":true,"valueName":"search_term_string"}}],"inLanguage":"en-CA"},{"@type":"Organization","@id":"https:\/\/www.conceptconfort.ca\/#organization","name":"Ameublement Concept Confort","url":"https:\/\/www.conceptconfort.ca\/","logo":{"@type":"ImageObject","inLanguage":"en-CA","@id":"https:\/\/www.conceptconfort.ca\/#\/schema\/logo\/image\/","url":"https:\/\/www.conceptconfort.ca\/wp-content\/uploads\/2014\/06\/cropped-Logo-ameublement-conceptRGB2.png","contentUrl":"https:\/\/www.conceptconfort.ca\/wp-content\/uploads\/2014\/06\/cropped-Logo-ameublement-conceptRGB2.png","width":1017,"height":317,"caption":"Ameublement Concept Confort"},"image":{"@id":"https:\/\/www.conceptconfort.ca\/#\/schema\/logo\/image\/"},"sameAs":["https:\/\/facebook.com\/AmeublementConceptConfort\/","https:\/\/x.com\/ConceptConfort","https:\/\/www.instagram.com\/ameublement_concept_confort\/"]}]}},"post_mailing_queue_ids":[],"_links":{"self":[{"href":"https:\/\/www.conceptconfort.ca\/en\/wp-json\/wp\/v2\/pages\/7416","targetHints":{"allow":["GET"]}}],"collection":[{"href":"https:\/\/www.conceptconfort.ca\/en\/wp-json\/wp\/v2\/pages"}],"about":[{"href":"https:\/\/www.conceptconfort.ca\/en\/wp-json\/wp\/v2\/types\/page"}],"author":[{"embeddable":true,"href":"https:\/\/www.conceptconfort.ca\/en\/wp-json\/wp\/v2\/users\/2"}],"replies":[{"embeddable":true,"href":"https:\/\/www.conceptconfort.ca\/en\/wp-json\/wp\/v2\/comments?post=7416"}],"version-history":[{"count":1,"href":"https:\/\/www.conceptconfort.ca\/en\/wp-json\/wp\/v2\/pages\/7416\/revisions"}],"predecessor-version":[{"id":7417,"href":"https:\/\/www.conceptconfort.ca\/en\/wp-json\/wp\/v2\/pages\/7416\/revisions\/7417"}],"wp:attachment":[{"href":"https:\/\/www.conceptconfort.ca\/en\/wp-json\/wp\/v2\/media?parent=7416"}],"curies":[{"name":"wp","href":"https:\/\/api.w.org\/{rel}","templated":true}]}}