{"id":5911,"date":"2020-07-27T12:31:10","date_gmt":"2020-07-27T16:31:10","guid":{"rendered":"http:\/\/www.conceptconfort.ca\/shop\/uncategorized\/quebec\/"},"modified":"2023-05-20T05:57:07","modified_gmt":"2023-05-20T09:57:07","slug":"quebec","status":"publish","type":"product","link":"https:\/\/www.conceptconfort.ca\/en\/shop\/sectionnel\/quebec\/","title":{"rendered":"QU\u00c9BEC"},"content":{"rendered":"<p>Tissu : Cuir vachette fleur corrig\u00e9e ou tissus micro-fibre haut de gamme.<br \/>\nCouleur : Toutes les couleurs sont disponibles.<br \/>\nStructure : Peuplier.<br \/>\nPieds : Bois.<br \/>\nSupport : Sangles Elastiques.<br \/>\nRelax : Disponible sur Fauteuil manuel avec levier \u00e0 main \u00e9lectrique avec bouton lat\u00e9ral.<br \/>\nConvertible 3 places : M\u00e9chanique de 142 cm couchage de 120 cm.<br \/>\nConvertible 2 places : M\u00e9chanique de 92 cm couchage de 72 cm.<br \/>\nMousse dossier : Polyur\u00e9thane &#8211; densit\u00e9 T16S.<br \/>\nMousse Assise : Polyur\u00e9thane &#8211; densit\u00e9 AC30.<br \/>\nMousse Accoudoir : Plyur\u00e9thane-densit\u00e9 T21.<\/p>\n<p><div class=\"wptb-container-legacy\" data-table-id=\"6132\">\n    <table class=\"wptb-preview-table wptb-table-preview-head wptb-element-main-table_setting-6122\" data-wptb-adaptive-table=\"0\" data-wptb-table-tds-sum-max-width=\"371\" style=\"border-style: solid; border-width: 0px; float: left; border-color: rgb(255, 255, 255);\" data-table-columns=\"4\" data-reconstraction=\"1\" data-wptb-td-width-auto=\"10\" data-wptb-header-background-color=\"#FFFFFF\" data-wptb-even-row-background-color=\"#FFFFFF\" data-wptb-odd-row-background-color=\"#FFFFFF\" data-wptb-table-alignment=\"left\" data-wptb-responsive-directives=\"eyJyZXNwb25zaXZlRW5hYmxlZCI6dHJ1ZSwicmVzcG9uc2l2ZU1vZGUiOiJhdXRvIiwicHJlc2VydmVSb3dDb2xvciI6ZmFsc2UsIm1vZGVPcHRpb25zIjp7ImF1dG8iOnsidG9wUm93QXNIZWFkZXIiOnsiZGVza3RvcCI6ZmFsc2UsInRhYmxldCI6ZmFsc2UsIm1vYmlsZSI6ZmFsc2V9LCJzdGF0aWNUb3BSb3ciOnsiZGVza3RvcCI6ZmFsc2UsInRhYmxldCI6ZmFsc2UsIm1vYmlsZSI6ZmFsc2V9LCJjZWxsU3RhY2tEaXJlY3Rpb24iOnsiZGVza3RvcCI6InJvdyIsInRhYmxldCI6InJvdyIsIm1vYmlsZSI6InJvdyJ9LCJjZWxsc1BlclJvdyI6eyJkZXNrdG9wIjoxLCJ0YWJsZXQiOjEsIm1vYmlsZSI6MX19fSwiYnJlYWtwb2ludHMiOnsiZGVza3RvcCI6eyJuYW1lIjoiZGVza3RvcCIsIndpZHRoIjoxMDI0fSwidGFibGV0Ijp7Im5hbWUiOiJ0YWJsZXQiLCJ3aWR0aCI6NzAwfSwibW9iaWxlIjp7Im5hbWUiOiJtb2JpbGUiLCJ3aWR0aCI6MzAwfX19\"><tbody><tr class=\"wptb-row\" style=\"background-color: rgb(255, 255, 255);\"><td class=\"wptb-cell\" style=\"padding: 0px; border-style: solid; border-width: 1px; width: 153px; border-color: rgb(255, 255, 255);\"><div class=\"wptb-text-container wptb-ph-element wptb-element-text-1\"><div class=\"\" style=\"position: relative;\"><p class=\"\"><strong>DIMENSIONS (CM)<\/strong><\/p><\/div><\/div><\/td><td class=\"wptb-cell\" style=\"padding: 0px; border-style: solid; border-width: 1px; width: 65px; border-color: rgb(255, 255, 255);\"><div class=\"wptb-text-container wptb-ph-element wptb-element-text-2\"><div class=\"\" style=\"position: relative;\"><p class=\"\"><strong>LONG.<\/strong><\/p><\/div><\/div><\/td><td class=\"wptb-cell\" style=\"padding: 0px; border-style: solid; border-width: 1px; width: 62px; border-color: rgb(255, 255, 255);\"><div class=\"wptb-text-container wptb-ph-element wptb-element-text-3\"><div class=\"\" style=\"position: relative;\"><p class=\"wptb-directlyhovered\"><strong>PROF.<\/strong><\/p><\/div><\/div><\/td><td class=\"wptb-cell\" style=\"padding: 0px; border-style: solid; border-width: 1px; width: 86px; border-color: rgb(255, 255, 255);\"><div class=\"wptb-text-container wptb-ph-element wptb-element-text-4\"><div class=\"\" style=\"position: relative;\"><p class=\"\"><strong>HAUT.<\/strong><\/p><\/div><\/div><\/td><\/tr><tr class=\"wptb-row\" style=\"background-color: rgb(255, 255, 255);\"><td class=\"wptb-cell\" style=\"padding: 0px; border-style: solid; border-width: 1px; width: 153px; border-color: rgb(255, 255, 255);\"><div class=\"wptb-text-container wptb-ph-element wptb-element-text-5\"><div class=\"\" style=\"position: relative;\"><p class=\"\"><strong>CANAP\u00c9 3 PLACES<\/strong>&nbsp;<\/p><\/div><\/div><\/td><td class=\"wptb-cell\" style=\"padding: 0px; border-style: solid; border-width: 1px; width: 65px; border-color: rgb(255, 255, 255);\"><div class=\"wptb-text-container wptb-ph-element wptb-element-text-6\"><div class=\"\" style=\"position: relative;\">190<\/div><\/div><\/td><td class=\"wptb-cell\" style=\"padding: 0px; border-style: solid; border-width: 1px; width: 62px; border-color: rgb(255, 255, 255);\"><div class=\"wptb-text-container wptb-ph-element wptb-element-text-7\"><div class=\"\" style=\"position: relative;\"><p>95<\/p><\/div><\/div><\/td><td class=\"wptb-cell\" style=\"padding: 0px; border-style: solid; border-width: 1px; width: 86px; border-color: rgb(255, 255, 255);\"><div class=\"wptb-text-container wptb-ph-element wptb-element-text-8\"><div class=\"\" style=\"position: relative;\">102<\/div><\/div><\/td><\/tr><tr class=\"wptb-row\" style=\"background-color: rgb(255, 255, 255);\"><td class=\"wptb-cell\" style=\"padding: 0px; border-style: solid; border-width: 1px; border-color: rgb(255, 255, 255); width: 153px;\"><div class=\"wptb-text-container wptb-ph-element wptb-element-text-45\"><div class=\"\" style=\"position: relative;\"><strong>CANAP\u00c9 2 PLACES<\/strong><\/div><\/div><\/td><td class=\"wptb-cell\" style=\"padding: 0px; border-style: solid; border-width: 1px; border-color: rgb(255, 255, 255); width: 65px;\"><div class=\"wptb-text-container wptb-ph-element wptb-element-text-46\"><div class=\"\" style=\"position: relative;\">145<\/div><\/div><\/td><td class=\"wptb-cell\" style=\"padding: 0px; border-style: solid; border-width: 1px; border-color: rgb(255, 255, 255); width: 62px;\"><div class=\"wptb-text-container wptb-ph-element wptb-element-text-47\"><div class=\"\" style=\"position: relative;\">106<\/div><\/div><\/td><td class=\"wptb-cell\" style=\"padding: 0px; border-style: solid; border-width: 1px; border-color: rgb(255, 255, 255);\"><div class=\"wptb-text-container wptb-ph-element wptb-element-text-48\"><div class=\"\" style=\"position: relative;\">102<\/div><\/div><\/td><\/tr><tr class=\"wptb-row\" style=\"background-color: rgb(255, 255, 255);\"><td class=\"wptb-cell\" style=\"padding: 0px; border-style: solid; border-width: 1px; border-color: rgb(255, 255, 255); width: 153px;\"><div class=\"wptb-text-container wptb-ph-element wptb-element-text-49\"><div class=\"\" style=\"position: relative;\"><strong>FAUTEUIL 1 PLACE<\/strong><\/div><\/div><\/td><td class=\"wptb-cell\" style=\"padding: 0px; border-style: solid; border-width: 1px; border-color: rgb(255, 255, 255); width: 65px;\"><div class=\"wptb-text-container wptb-ph-element wptb-element-text-50\"><div class=\"\" style=\"position: relative;\">94<\/div><\/div><\/td><td class=\"wptb-cell\" style=\"padding: 0px; border-style: solid; border-width: 1px; border-color: rgb(255, 255, 255); width: 62px;\"><div class=\"wptb-text-container wptb-ph-element wptb-element-text-51\"><div class=\"\" style=\"position: relative;\">95<\/div><\/div><\/td><td class=\"wptb-cell\" style=\"padding: 0px; border-style: solid; border-width: 1px; border-color: rgb(255, 255, 255);\"><div class=\"wptb-text-container wptb-ph-element wptb-element-text-52\"><div class=\"\" style=\"position: relative;\"><p>190\/102<\/p><\/div><\/div><\/td><\/tr><tr class=\"wptb-row\" style=\"background-color: rgb(255, 255, 255);\"><td class=\"wptb-cell\" style=\"padding: 0px; border-style: solid; border-width: 1px; width: 153px; border-color: rgb(255, 255, 255);\"><div class=\"wptb-text-container wptb-ph-element wptb-element-text-9\"><div class=\"\" style=\"position: relative;\"><p class=\"\"><strong>POUF<\/strong><\/p><\/div><\/div><\/td><td class=\"wptb-cell\" style=\"padding: 0px; border-style: solid; border-width: 1px; width: 65px; border-color: rgb(255, 255, 255);\"><div class=\"wptb-text-container wptb-ph-element wptb-element-text-10\"><div class=\"\" style=\"position: relative;\"><p>48<\/p><\/div><\/div><\/td><td class=\"wptb-cell\" style=\"padding: 0px; border-style: solid; border-width: 1px; width: 62px; border-color: rgb(255, 255, 255);\"><div class=\"wptb-text-container wptb-ph-element wptb-element-text-11\"><div class=\"\" style=\"position: relative;\"><p>48<\/p><\/div><\/div><\/td><td class=\"wptb-cell\" style=\"padding: 0px; border-style: solid; border-width: 1px; width: 86px; border-color: rgb(255, 255, 255);\"><div class=\"wptb-text-container wptb-ph-element wptb-element-text-12\"><div class=\"\" style=\"position: relative;\"><p>45<\/p><\/div><\/div><\/td><\/tr><\/tbody><\/table>\n<\/div>\n<br \/>\n<div class=\"wpforms-container wpforms-container-full\" id=\"wpforms-6166\"><form id=\"wpforms-form-6166\" class=\"wpforms-validate wpforms-form\" data-formid=\"6166\" method=\"post\" enctype=\"multipart\/form-data\" action=\"\/en\/wp-json\/wp\/v2\/product\/5911\" data-token=\"1d82b2abf2d5d9dd71efe3123347e964\" data-token-time=\"1779035038\"><div class=\"wpforms-head-container\"><div class=\"wpforms-title\">Vous souhaitez avoir plus d&#039;informations sur le mobilier QU\u00c9BEC ?<\/div><div class=\"wpforms-description\">Veuillez, svp, nous faire parvenir vos coordonn\u00e9es. Un agent du service \u00e0 la client\u00e8le vous contactera dans les plus brefs d\u00e9lais. Au plaisir de vous parler. <\/div><\/div><noscript class=\"wpforms-error-noscript\">Please enable JavaScript in your browser to complete this form.<\/noscript><div class=\"wpforms-field-container\"><div id=\"wpforms-6166-field_0-container\" class=\"wpforms-field wpforms-field-name wpforms-one-half wpforms-first\" data-field-id=\"0\"><label class=\"wpforms-field-label\" for=\"wpforms-6166-field_0\">Nom <span class=\"wpforms-required-label\">*<\/span><\/label><input type=\"text\" id=\"wpforms-6166-field_0\" class=\"wpforms-field-large wpforms-field-required\" name=\"wpforms[fields][0]\" placeholder=\"Votre nom\" required><\/div><div id=\"wpforms-6166-field_3-container\" class=\"wpforms-field wpforms-field-email wpforms-one-half\" data-field-id=\"3\"><label class=\"wpforms-field-label\" for=\"wpforms-6166-field_3\">Courriel ou t\u00e9l\u00e9phone <span class=\"wpforms-required-label\">*<\/span><\/label><input type=\"email\" id=\"wpforms-6166-field_3\" class=\"wpforms-field-large wpforms-field-required\" name=\"wpforms[fields][3]\" placeholder=\"Votre courriel ou votre num\u00e9ro de t\u00e9l\u00e9phone\" spellcheck=\"false\" required><\/div><div id=\"wpforms-6166-field_2-container\" class=\"wpforms-field wpforms-field-textarea\" data-field-id=\"2\"><label class=\"wpforms-field-label\" for=\"wpforms-6166-field_2\">Message <span class=\"wpforms-required-label\">*<\/span><\/label><textarea id=\"wpforms-6166-field_2\" class=\"wpforms-field-medium wpforms-field-required\" name=\"wpforms[fields][2]\" placeholder=\"Votre message\" required><\/textarea><\/div><\/div><!-- .wpforms-field-container --><div class=\"wpforms-field wpforms-field-hp\"><label for=\"wpforms-6166-field-hp\" class=\"wpforms-field-label\">Email<\/label><input type=\"text\" name=\"wpforms[hp]\" id=\"wpforms-6166-field-hp\" class=\"wpforms-field-medium\"><\/div><div class=\"wpforms-submit-container\" ><input type=\"hidden\" name=\"wpforms[id]\" value=\"6166\"><input type=\"hidden\" name=\"page_title\" value=\"\"><input type=\"hidden\" name=\"page_url\" value=\"https:\/\/www.conceptconfort.ca\/en\/wp-json\/wp\/v2\/product\/5911\"><input type=\"hidden\" name=\"url_referer\" value=\"\"><button type=\"submit\" name=\"wpforms[submit]\" id=\"wpforms-submit-6166\" class=\"wpforms-submit\" data-alt-text=\"Envoi en cours...\" data-submit-text=\"Envoyer le message\" aria-live=\"assertive\" value=\"wpforms-submit\">Envoyer le message<\/button><\/div><\/form><\/div>  <!-- .wpforms-container --><\/p>\n","protected":false},"excerpt":{"rendered":"<p>Nous sommes tr\u00e8s fiers de vous pr\u00e9senter l&rsquo;unique et officiel mobilier design\u00e9 au Qu\u00e9bec express\u00e9ment pour vous. Son confort est durable et comporte des assises adaptables ainsi qu&rsquo;une m\u00e9canique convertible. Le d\u00e9clencheur \u00e9lectrique lat\u00e9ral permet au fauteuil la position relax.<br \/>\nVous pourrez essayer facilement ce mod\u00e8le lors de nos expositions provinciales.<\/p>\n<p>Ce <strong>QU\u00c9BEC<\/strong>, il est pour vous.<\/p>","protected":false},"featured_media":5910,"template":"","meta":[],"product_brand":[],"product_cat":[132,133,134,51],"product_tag":[166,177,147,145,137,203,184,204,151,136,186,205,202],"class_list":{"0":"post-5911","1":"product","2":"type-product","3":"status-publish","4":"has-post-thumbnail","6":"product_cat-canape","7":"product_cat-causeuse","8":"product_cat-fauteuil","9":"product_cat-sectionnel","10":"product_tag-accoudoir","11":"product_tag-ameublement-concept-confort","12":"product_tag-bois","13":"product_tag-confort","14":"product_tag-cuir","15":"product_tag-durable","16":"product_tag-electrique","17":"product_tag-facile","18":"product_tag-fauteuil","19":"product_tag-haut-de-gamme","20":"product_tag-mobilier","21":"product_tag-pratique","22":"product_tag-quebec","24":"first","25":"instock","26":"featured","27":"taxable","28":"shipping-taxable","29":"product-type-simple"},"yoast_head":"<!-- This site is optimized with the Yoast SEO Premium plugin v19.3 (Yoast SEO v27.6) - https:\/\/yoast.com\/product\/yoast-seo-premium-wordpress\/ -->\n<title>QU\u00c9BEC - Ameublement Concept Confort<\/title>\n<meta name=\"description\" content=\"Nous sommes tr\u00e8s fiers de vous pr\u00e9senter l&#039;unique et officiel mobilier design\u00e9 au Qu\u00e9bec express\u00e9ment pour vous. Son confort est durable et comporte des assises adaptables ainsi qu&#039;une m\u00e9canique convertible. Le d\u00e9clencheur \u00e9lectrique lat\u00e9ral permet au fauteuil la position relax.Vous pourrez essayer facilement ce mod\u00e8le lors de nos expositions provinciales.Ce QU\u00c9BEC, il est pour vous.\" \/>\n<meta name=\"robots\" content=\"index, follow, max-snippet:-1, max-image-preview:large, max-video-preview:-1\" \/>\n<link rel=\"canonical\" href=\"https:\/\/www.conceptconfort.ca\/en\/shop\/sectionnel\/quebec\/\" \/>\n<meta property=\"og:locale\" content=\"en_US\" \/>\n<meta property=\"og:type\" content=\"article\" \/>\n<meta property=\"og:title\" content=\"QU\u00c9BEC\" \/>\n<meta property=\"og:description\" content=\"Nous sommes tr\u00e8s fiers de vous pr\u00e9senter l&#039;unique et officiel mobilier design\u00e9 au Qu\u00e9bec express\u00e9ment pour vous. Son confort est durable et comporte des assises adaptables ainsi qu&#039;une m\u00e9canique convertible. Le d\u00e9clencheur \u00e9lectrique lat\u00e9ral permet au fauteuil la position relax.Vous pourrez essayer facilement ce mod\u00e8le lors de nos expositions provinciales.Ce QU\u00c9BEC, il est pour vous.\" \/>\n<meta property=\"og:url\" content=\"https:\/\/www.conceptconfort.ca\/en\/shop\/sectionnel\/quebec\/\" \/>\n<meta property=\"og:site_name\" content=\"Ameublement Concept Confort\" \/>\n<meta property=\"article:publisher\" content=\"https:\/\/facebook.com\/AmeublementConceptConfort\/\" \/>\n<meta property=\"article:modified_time\" content=\"2023-05-20T09:57:07+00:00\" \/>\n<meta property=\"og:image\" content=\"https:\/\/www.conceptconfort.ca\/wp-content\/uploads\/2020\/07\/Quebec.jpg\" \/>\n\t<meta property=\"og:image:width\" content=\"1920\" \/>\n\t<meta property=\"og:image:height\" content=\"1279\" \/>\n\t<meta property=\"og:image:type\" content=\"image\/jpeg\" \/>\n<meta name=\"twitter:card\" content=\"summary_large_image\" \/>\n<meta name=\"twitter:site\" content=\"@ConceptConfort\" \/>\n<script type=\"application\/ld+json\" class=\"yoast-schema-graph\">{\"@context\":\"https:\\\/\\\/schema.org\",\"@graph\":[{\"@type\":\"WebPage\",\"@id\":\"https:\\\/\\\/www.conceptconfort.ca\\\/shop\\\/sectionnel\\\/quebec\\\/\",\"url\":\"https:\\\/\\\/www.conceptconfort.ca\\\/shop\\\/sectionnel\\\/quebec\\\/\",\"name\":\"QU\u00c9BEC - Ameublement Concept Confort\",\"isPartOf\":{\"@id\":\"https:\\\/\\\/www.conceptconfort.ca\\\/#website\"},\"primaryImageOfPage\":{\"@id\":\"https:\\\/\\\/www.conceptconfort.ca\\\/shop\\\/sectionnel\\\/quebec\\\/#primaryimage\"},\"image\":{\"@id\":\"https:\\\/\\\/www.conceptconfort.ca\\\/shop\\\/sectionnel\\\/quebec\\\/#primaryimage\"},\"thumbnailUrl\":\"https:\\\/\\\/www.conceptconfort.ca\\\/wp-content\\\/uploads\\\/2020\\\/07\\\/Quebec.jpg\",\"datePublished\":\"2020-07-27T16:31:10+00:00\",\"dateModified\":\"2023-05-20T09:57:07+00:00\",\"description\":\"Nous sommes tr\u00e8s fiers de vous pr\u00e9senter l'unique et officiel mobilier design\u00e9 au Qu\u00e9bec express\u00e9ment pour vous. Son confort est durable et comporte des assises adaptables ainsi qu'une m\u00e9canique convertible. Le d\u00e9clencheur \u00e9lectrique lat\u00e9ral permet au fauteuil la position relax.Vous pourrez essayer facilement ce mod\u00e8le lors de nos expositions provinciales.Ce QU\u00c9BEC, il est pour vous.\",\"breadcrumb\":{\"@id\":\"https:\\\/\\\/www.conceptconfort.ca\\\/shop\\\/sectionnel\\\/quebec\\\/#breadcrumb\"},\"inLanguage\":\"en-CA\",\"potentialAction\":[{\"@type\":\"ReadAction\",\"target\":[\"https:\\\/\\\/www.conceptconfort.ca\\\/shop\\\/sectionnel\\\/quebec\\\/\"]}]},{\"@type\":\"ImageObject\",\"inLanguage\":\"en-CA\",\"@id\":\"https:\\\/\\\/www.conceptconfort.ca\\\/shop\\\/sectionnel\\\/quebec\\\/#primaryimage\",\"url\":\"https:\\\/\\\/www.conceptconfort.ca\\\/wp-content\\\/uploads\\\/2020\\\/07\\\/Quebec.jpg\",\"contentUrl\":\"https:\\\/\\\/www.conceptconfort.ca\\\/wp-content\\\/uploads\\\/2020\\\/07\\\/Quebec.jpg\",\"width\":1920,\"height\":1279,\"caption\":\"Qu\u00e9bec Canap\u00e9 Causeuse Fauteuil Matelas Sectionel\"},{\"@type\":\"BreadcrumbList\",\"@id\":\"https:\\\/\\\/www.conceptconfort.ca\\\/shop\\\/sectionnel\\\/quebec\\\/#breadcrumb\",\"itemListElement\":[{\"@type\":\"ListItem\",\"position\":1,\"name\":\"Home\",\"item\":\"https:\\\/\\\/www.conceptconfort.ca\\\/\"},{\"@type\":\"ListItem\",\"position\":2,\"name\":\"Nos produits\",\"item\":\"https:\\\/\\\/www.conceptconfort.ca\\\/shop\\\/\"},{\"@type\":\"ListItem\",\"position\":3,\"name\":\"QU\u00c9BEC\"}]},{\"@type\":\"WebSite\",\"@id\":\"https:\\\/\\\/www.conceptconfort.ca\\\/#website\",\"url\":\"https:\\\/\\\/www.conceptconfort.ca\\\/\",\"name\":\"Ameublement Concept Confort\",\"description\":\"Ameublement Concept Confort propose une exp\u00e9rience de magasinage exceptionnelle avec une collection exclusive de fauteuils, causeuses et canap\u00e9s de qualit\u00e9 sup\u00e9rieure, con\u00e7us sp\u00e9cialement pour une client\u00e8le s\u00e9lective en qu\u00eate de confort, d&#039;\u00e9l\u00e9gance et de raffinement.\",\"publisher\":{\"@id\":\"https:\\\/\\\/www.conceptconfort.ca\\\/#organization\"},\"potentialAction\":[{\"@type\":\"SearchAction\",\"target\":{\"@type\":\"EntryPoint\",\"urlTemplate\":\"https:\\\/\\\/www.conceptconfort.ca\\\/?s={search_term_string}\"},\"query-input\":{\"@type\":\"PropertyValueSpecification\",\"valueRequired\":true,\"valueName\":\"search_term_string\"}}],\"inLanguage\":\"en-CA\"},{\"@type\":\"Organization\",\"@id\":\"https:\\\/\\\/www.conceptconfort.ca\\\/#organization\",\"name\":\"Ameublement Concept Confort\",\"url\":\"https:\\\/\\\/www.conceptconfort.ca\\\/\",\"logo\":{\"@type\":\"ImageObject\",\"inLanguage\":\"en-CA\",\"@id\":\"https:\\\/\\\/www.conceptconfort.ca\\\/#\\\/schema\\\/logo\\\/image\\\/\",\"url\":\"https:\\\/\\\/www.conceptconfort.ca\\\/wp-content\\\/uploads\\\/2014\\\/06\\\/cropped-Logo-ameublement-conceptRGB2.png\",\"contentUrl\":\"https:\\\/\\\/www.conceptconfort.ca\\\/wp-content\\\/uploads\\\/2014\\\/06\\\/cropped-Logo-ameublement-conceptRGB2.png\",\"width\":1017,\"height\":317,\"caption\":\"Ameublement Concept Confort\"},\"image\":{\"@id\":\"https:\\\/\\\/www.conceptconfort.ca\\\/#\\\/schema\\\/logo\\\/image\\\/\"},\"sameAs\":[\"https:\\\/\\\/facebook.com\\\/AmeublementConceptConfort\\\/\",\"https:\\\/\\\/x.com\\\/ConceptConfort\",\"https:\\\/\\\/www.instagram.com\\\/ameublement_concept_confort\\\/\"]}]}<\/script>\n<!-- \/ Yoast SEO Premium plugin. -->","yoast_head_json":{"title":"QU\u00c9BEC - Ameublement Concept Confort","description":"Nous sommes tr\u00e8s fiers de vous pr\u00e9senter l'unique et officiel mobilier design\u00e9 au Qu\u00e9bec express\u00e9ment pour vous. Son confort est durable et comporte des assises adaptables ainsi qu'une m\u00e9canique convertible. Le d\u00e9clencheur \u00e9lectrique lat\u00e9ral permet au fauteuil la position relax.Vous pourrez essayer facilement ce mod\u00e8le lors de nos expositions provinciales.Ce QU\u00c9BEC, il est pour vous.","robots":{"index":"index","follow":"follow","max-snippet":"max-snippet:-1","max-image-preview":"max-image-preview:large","max-video-preview":"max-video-preview:-1"},"canonical":"https:\/\/www.conceptconfort.ca\/en\/shop\/sectionnel\/quebec\/","og_locale":"en_US","og_type":"article","og_title":"QU\u00c9BEC","og_description":"Nous sommes tr\u00e8s fiers de vous pr\u00e9senter l'unique et officiel mobilier design\u00e9 au Qu\u00e9bec express\u00e9ment pour vous. Son confort est durable et comporte des assises adaptables ainsi qu'une m\u00e9canique convertible. Le d\u00e9clencheur \u00e9lectrique lat\u00e9ral permet au fauteuil la position relax.Vous pourrez essayer facilement ce mod\u00e8le lors de nos expositions provinciales.Ce QU\u00c9BEC, il est pour vous.","og_url":"https:\/\/www.conceptconfort.ca\/en\/shop\/sectionnel\/quebec\/","og_site_name":"Ameublement Concept Confort","article_publisher":"https:\/\/facebook.com\/AmeublementConceptConfort\/","article_modified_time":"2023-05-20T09:57:07+00:00","og_image":[{"width":1920,"height":1279,"url":"https:\/\/www.conceptconfort.ca\/wp-content\/uploads\/2020\/07\/Quebec.jpg","type":"image\/jpeg"}],"twitter_card":"summary_large_image","twitter_site":"@ConceptConfort","schema":{"@context":"https:\/\/schema.org","@graph":[{"@type":"WebPage","@id":"https:\/\/www.conceptconfort.ca\/shop\/sectionnel\/quebec\/","url":"https:\/\/www.conceptconfort.ca\/shop\/sectionnel\/quebec\/","name":"QU\u00c9BEC - Ameublement Concept Confort","isPartOf":{"@id":"https:\/\/www.conceptconfort.ca\/#website"},"primaryImageOfPage":{"@id":"https:\/\/www.conceptconfort.ca\/shop\/sectionnel\/quebec\/#primaryimage"},"image":{"@id":"https:\/\/www.conceptconfort.ca\/shop\/sectionnel\/quebec\/#primaryimage"},"thumbnailUrl":"https:\/\/www.conceptconfort.ca\/wp-content\/uploads\/2020\/07\/Quebec.jpg","datePublished":"2020-07-27T16:31:10+00:00","dateModified":"2023-05-20T09:57:07+00:00","description":"Nous sommes tr\u00e8s fiers de vous pr\u00e9senter l'unique et officiel mobilier design\u00e9 au Qu\u00e9bec express\u00e9ment pour vous. Son confort est durable et comporte des assises adaptables ainsi qu'une m\u00e9canique convertible. Le d\u00e9clencheur \u00e9lectrique lat\u00e9ral permet au fauteuil la position relax.Vous pourrez essayer facilement ce mod\u00e8le lors de nos expositions provinciales.Ce QU\u00c9BEC, il est pour vous.","breadcrumb":{"@id":"https:\/\/www.conceptconfort.ca\/shop\/sectionnel\/quebec\/#breadcrumb"},"inLanguage":"en-CA","potentialAction":[{"@type":"ReadAction","target":["https:\/\/www.conceptconfort.ca\/shop\/sectionnel\/quebec\/"]}]},{"@type":"ImageObject","inLanguage":"en-CA","@id":"https:\/\/www.conceptconfort.ca\/shop\/sectionnel\/quebec\/#primaryimage","url":"https:\/\/www.conceptconfort.ca\/wp-content\/uploads\/2020\/07\/Quebec.jpg","contentUrl":"https:\/\/www.conceptconfort.ca\/wp-content\/uploads\/2020\/07\/Quebec.jpg","width":1920,"height":1279,"caption":"Qu\u00e9bec Canap\u00e9 Causeuse Fauteuil Matelas Sectionel"},{"@type":"BreadcrumbList","@id":"https:\/\/www.conceptconfort.ca\/shop\/sectionnel\/quebec\/#breadcrumb","itemListElement":[{"@type":"ListItem","position":1,"name":"Home","item":"https:\/\/www.conceptconfort.ca\/"},{"@type":"ListItem","position":2,"name":"Nos produits","item":"https:\/\/www.conceptconfort.ca\/shop\/"},{"@type":"ListItem","position":3,"name":"QU\u00c9BEC"}]},{"@type":"WebSite","@id":"https:\/\/www.conceptconfort.ca\/#website","url":"https:\/\/www.conceptconfort.ca\/","name":"Ameublement Concept Confort","description":"Ameublement Concept Confort propose une exp\u00e9rience de magasinage exceptionnelle avec une collection exclusive de fauteuils, causeuses et canap\u00e9s de qualit\u00e9 sup\u00e9rieure, con\u00e7us sp\u00e9cialement pour une client\u00e8le s\u00e9lective en qu\u00eate de confort, d&#039;\u00e9l\u00e9gance et de raffinement.","publisher":{"@id":"https:\/\/www.conceptconfort.ca\/#organization"},"potentialAction":[{"@type":"SearchAction","target":{"@type":"EntryPoint","urlTemplate":"https:\/\/www.conceptconfort.ca\/?s={search_term_string}"},"query-input":{"@type":"PropertyValueSpecification","valueRequired":true,"valueName":"search_term_string"}}],"inLanguage":"en-CA"},{"@type":"Organization","@id":"https:\/\/www.conceptconfort.ca\/#organization","name":"Ameublement Concept Confort","url":"https:\/\/www.conceptconfort.ca\/","logo":{"@type":"ImageObject","inLanguage":"en-CA","@id":"https:\/\/www.conceptconfort.ca\/#\/schema\/logo\/image\/","url":"https:\/\/www.conceptconfort.ca\/wp-content\/uploads\/2014\/06\/cropped-Logo-ameublement-conceptRGB2.png","contentUrl":"https:\/\/www.conceptconfort.ca\/wp-content\/uploads\/2014\/06\/cropped-Logo-ameublement-conceptRGB2.png","width":1017,"height":317,"caption":"Ameublement Concept Confort"},"image":{"@id":"https:\/\/www.conceptconfort.ca\/#\/schema\/logo\/image\/"},"sameAs":["https:\/\/facebook.com\/AmeublementConceptConfort\/","https:\/\/x.com\/ConceptConfort","https:\/\/www.instagram.com\/ameublement_concept_confort\/"]}]}},"post_mailing_queue_ids":[],"_links":{"self":[{"href":"https:\/\/www.conceptconfort.ca\/en\/wp-json\/wp\/v2\/product\/5911","targetHints":{"allow":["GET"]}}],"collection":[{"href":"https:\/\/www.conceptconfort.ca\/en\/wp-json\/wp\/v2\/product"}],"about":[{"href":"https:\/\/www.conceptconfort.ca\/en\/wp-json\/wp\/v2\/types\/product"}],"wp:featuredmedia":[{"embeddable":true,"href":"https:\/\/www.conceptconfort.ca\/en\/wp-json\/wp\/v2\/media\/5910"}],"wp:attachment":[{"href":"https:\/\/www.conceptconfort.ca\/en\/wp-json\/wp\/v2\/media?parent=5911"}],"wp:term":[{"taxonomy":"product_brand","embeddable":true,"href":"https:\/\/www.conceptconfort.ca\/en\/wp-json\/wp\/v2\/product_brand?post=5911"},{"taxonomy":"product_cat","embeddable":true,"href":"https:\/\/www.conceptconfort.ca\/en\/wp-json\/wp\/v2\/product_cat?post=5911"},{"taxonomy":"product_tag","embeddable":true,"href":"https:\/\/www.conceptconfort.ca\/en\/wp-json\/wp\/v2\/product_tag?post=5911"}],"curies":[{"name":"wp","href":"https:\/\/api.w.org\/{rel}","templated":true}]}}