{"id":7105,"date":"2021-06-17T12:38:10","date_gmt":"2021-06-17T16:38:10","guid":{"rendered":"http:\/\/www.conceptconfort.ca\/?post_type=product&#038;p=7105"},"modified":"2023-05-20T06:03:16","modified_gmt":"2023-05-20T10:03:16","slug":"romulus","status":"publish","type":"product","link":"https:\/\/www.conceptconfort.ca\/en\/shop\/fauteuil\/romulus\/","title":{"rendered":"ROMULUS"},"content":{"rendered":"<p>STRUCTURE : Peuplier<a href=\"http:\/\/www.conceptconfort.ca\/wp-content\/uploads\/2021\/06\/Romulus1-800x457-logo.jpg\" rel=\"lightbox-0\"><\/a><\/p>\n<p>GARNISSAGE\u00a0: Mousse polyur\u00e9thane expans\u00e9 haute r\u00e9silience<br \/>\nASSISES: Ressorts ensach\u00e9s densit\u00e9 35 kg x m\u00b3 couche acrylique<br \/>\nDOSSIER: densit\u00e9 21 kg x m\u00b3<br \/>\nSUSPENSION D&rsquo;ASSISE\u00a0: Sangles \u00e9lastiques haute r\u00e9sistance<br \/>\nREV\u00caTEMENT\u00a0: Tissu Microfibre haute qualit\u00e9<br \/>\nOPTIONS\u00a0: Housse pour fauteuil &#8211; Batterie pour relax \u00e9lectrique fauteuil relax.<br \/>\nDIMENSION : L 78 x H 115\/150 x P 87\/160 cm<\/p>\n<div class=\"wpforms-container wpforms-container-full\" id=\"wpforms-7106\"><form id=\"wpforms-form-7106\" class=\"wpforms-validate wpforms-form\" data-formid=\"7106\" method=\"post\" enctype=\"multipart\/form-data\" action=\"\/en\/wp-json\/wp\/v2\/product\/7105\" data-token=\"37c0b0f95f207f14e2baa6c1ce460166\" data-token-time=\"1779035039\"><noscript class=\"wpforms-error-noscript\">Please enable JavaScript in your browser to complete this form.<\/noscript><div class=\"wpforms-field-container\"><div id=\"wpforms-7106-field_0-container\" class=\"wpforms-field wpforms-field-name wpforms-one-half wpforms-first\" data-field-id=\"0\"><label class=\"wpforms-field-label\" for=\"wpforms-7106-field_0\">Nom <span class=\"wpforms-required-label\">*<\/span><\/label><input type=\"text\" id=\"wpforms-7106-field_0\" class=\"wpforms-field-large wpforms-field-required\" name=\"wpforms[fields][0]\" placeholder=\"Votre nom\" required><\/div><div id=\"wpforms-7106-field_3-container\" class=\"wpforms-field wpforms-field-email wpforms-one-half\" data-field-id=\"3\"><label class=\"wpforms-field-label\" for=\"wpforms-7106-field_3\">Courriel ou t\u00e9l\u00e9phone <span class=\"wpforms-required-label\">*<\/span><\/label><input type=\"email\" id=\"wpforms-7106-field_3\" class=\"wpforms-field-large wpforms-field-required\" name=\"wpforms[fields][3]\" placeholder=\"Votre courriel ou votre num\u00e9ro de t\u00e9l\u00e9phone\" spellcheck=\"false\" required><\/div><div id=\"wpforms-7106-field_2-container\" class=\"wpforms-field wpforms-field-textarea\" data-field-id=\"2\"><label class=\"wpforms-field-label\" for=\"wpforms-7106-field_2\">Message <span class=\"wpforms-required-label\">*<\/span><\/label><textarea id=\"wpforms-7106-field_2\" class=\"wpforms-field-medium wpforms-field-required\" name=\"wpforms[fields][2]\" placeholder=\"Votre message\" required><\/textarea><\/div><\/div><!-- .wpforms-field-container --><div class=\"wpforms-field wpforms-field-hp\"><label for=\"wpforms-7106-field-hp\" class=\"wpforms-field-label\">Name<\/label><input type=\"text\" name=\"wpforms[hp]\" id=\"wpforms-7106-field-hp\" class=\"wpforms-field-medium\"><\/div><div class=\"wpforms-submit-container\" ><input type=\"hidden\" name=\"wpforms[id]\" value=\"7106\"><input type=\"hidden\" name=\"page_title\" value=\"\"><input type=\"hidden\" name=\"page_url\" value=\"https:\/\/www.conceptconfort.ca\/en\/wp-json\/wp\/v2\/product\/7105\"><input type=\"hidden\" name=\"url_referer\" value=\"\"><button type=\"submit\" name=\"wpforms[submit]\" id=\"wpforms-submit-7106\" class=\"wpforms-submit\" data-alt-text=\"Envoi en cours...\" data-submit-text=\"Envoyer le message\" aria-live=\"assertive\" value=\"wpforms-submit\">Envoyer le message<\/button><\/div><\/form><\/div>  <!-- .wpforms-container -->\n","protected":false},"excerpt":{"rendered":"<p><span>Le fauteuil relax Romulus d\u2019Ameublement Concept confort avec rev\u00eatement en microfibre haute gamme sera le protagoniste de votre salon, gr\u00e2ce \u00e0 son design unique, son rembourrage doux et son confort optimal.<\/span><\/p>\n<p><span>Prenez place dans le Salotti produit par Ameublement Concept Confort: oubliez le stress dans une \u00e9treinte chaleureuse et accueillante et enrichissez le mobilier de votre salon avec praticit\u00e9 et design.<\/span><\/p>","protected":false},"featured_media":7266,"template":"","meta":[],"product_brand":[],"product_cat":[134],"product_tag":[],"class_list":{"0":"post-7105","1":"product","2":"type-product","3":"status-publish","4":"has-post-thumbnail","6":"product_cat-fauteuil","8":"first","9":"instock","10":"featured","11":"taxable","12":"shipping-taxable","13":"product-type-simple"},"yoast_head":"<!-- This site is optimized with the Yoast SEO Premium plugin v19.3 (Yoast SEO v27.6) - https:\/\/yoast.com\/product\/yoast-seo-premium-wordpress\/ -->\n<title>ROMULUS - Ameublement Concept Confort<\/title>\n<meta name=\"description\" content=\"Le fauteuil relax Romulus d\u2019Ameublement Concept confort avec rev\u00eatement en microfibre haute gamme sera le protagoniste de votre salon, gr\u00e2ce \u00e0 son design unique, son rembourrage doux et son confort optimal.\" \/>\n<meta name=\"robots\" content=\"index, follow, max-snippet:-1, max-image-preview:large, max-video-preview:-1\" \/>\n<link rel=\"canonical\" href=\"https:\/\/www.conceptconfort.ca\/en\/shop\/fauteuil\/romulus\/\" \/>\n<meta property=\"og:locale\" content=\"en_US\" \/>\n<meta property=\"og:type\" content=\"article\" \/>\n<meta property=\"og:title\" content=\"ROMULUS\" \/>\n<meta property=\"og:description\" content=\"Le fauteuil relax Romulus d\u2019Ameublement Concept confort avec rev\u00eatement en microfibre haute gamme sera le protagoniste de votre salon, gr\u00e2ce \u00e0 son design unique, son rembourrage doux et son confort optimal.\" \/>\n<meta property=\"og:url\" content=\"https:\/\/www.conceptconfort.ca\/en\/shop\/fauteuil\/romulus\/\" \/>\n<meta property=\"og:site_name\" content=\"Ameublement Concept Confort\" \/>\n<meta property=\"article:publisher\" content=\"https:\/\/facebook.com\/AmeublementConceptConfort\/\" \/>\n<meta property=\"article:modified_time\" content=\"2023-05-20T10:03:16+00:00\" \/>\n<meta property=\"og:image\" content=\"https:\/\/www.conceptconfort.ca\/wp-content\/uploads\/2021\/06\/Romulus-droit-1000x672-1.png\" \/>\n\t<meta property=\"og:image:width\" content=\"1000\" \/>\n\t<meta property=\"og:image:height\" content=\"672\" \/>\n\t<meta property=\"og:image:type\" content=\"image\/png\" \/>\n<meta name=\"twitter:card\" content=\"summary_large_image\" \/>\n<meta name=\"twitter:site\" content=\"@ConceptConfort\" \/>\n<script type=\"application\/ld+json\" class=\"yoast-schema-graph\">{\"@context\":\"https:\\\/\\\/schema.org\",\"@graph\":[{\"@type\":\"WebPage\",\"@id\":\"https:\\\/\\\/www.conceptconfort.ca\\\/shop\\\/fauteuil\\\/romulus\\\/\",\"url\":\"https:\\\/\\\/www.conceptconfort.ca\\\/shop\\\/fauteuil\\\/romulus\\\/\",\"name\":\"ROMULUS - Ameublement Concept Confort\",\"isPartOf\":{\"@id\":\"https:\\\/\\\/www.conceptconfort.ca\\\/#website\"},\"primaryImageOfPage\":{\"@id\":\"https:\\\/\\\/www.conceptconfort.ca\\\/shop\\\/fauteuil\\\/romulus\\\/#primaryimage\"},\"image\":{\"@id\":\"https:\\\/\\\/www.conceptconfort.ca\\\/shop\\\/fauteuil\\\/romulus\\\/#primaryimage\"},\"thumbnailUrl\":\"https:\\\/\\\/www.conceptconfort.ca\\\/wp-content\\\/uploads\\\/2021\\\/06\\\/Romulus-droit-1000x672-1.png\",\"datePublished\":\"2021-06-17T16:38:10+00:00\",\"dateModified\":\"2023-05-20T10:03:16+00:00\",\"description\":\"Le fauteuil relax Romulus d\u2019Ameublement Concept confort avec rev\u00eatement en microfibre haute gamme sera le protagoniste de votre salon, gr\u00e2ce \u00e0 son design unique, son rembourrage doux et son confort optimal.\",\"breadcrumb\":{\"@id\":\"https:\\\/\\\/www.conceptconfort.ca\\\/shop\\\/fauteuil\\\/romulus\\\/#breadcrumb\"},\"inLanguage\":\"en-CA\",\"potentialAction\":[{\"@type\":\"ReadAction\",\"target\":[\"https:\\\/\\\/www.conceptconfort.ca\\\/shop\\\/fauteuil\\\/romulus\\\/\"]}]},{\"@type\":\"ImageObject\",\"inLanguage\":\"en-CA\",\"@id\":\"https:\\\/\\\/www.conceptconfort.ca\\\/shop\\\/fauteuil\\\/romulus\\\/#primaryimage\",\"url\":\"https:\\\/\\\/www.conceptconfort.ca\\\/wp-content\\\/uploads\\\/2021\\\/06\\\/Romulus-droit-1000x672-1.png\",\"contentUrl\":\"https:\\\/\\\/www.conceptconfort.ca\\\/wp-content\\\/uploads\\\/2021\\\/06\\\/Romulus-droit-1000x672-1.png\",\"width\":1000,\"height\":672,\"caption\":\"Romulus Fauteuil\"},{\"@type\":\"BreadcrumbList\",\"@id\":\"https:\\\/\\\/www.conceptconfort.ca\\\/shop\\\/fauteuil\\\/romulus\\\/#breadcrumb\",\"itemListElement\":[{\"@type\":\"ListItem\",\"position\":1,\"name\":\"Home\",\"item\":\"https:\\\/\\\/www.conceptconfort.ca\\\/\"},{\"@type\":\"ListItem\",\"position\":2,\"name\":\"Nos produits\",\"item\":\"https:\\\/\\\/www.conceptconfort.ca\\\/shop\\\/\"},{\"@type\":\"ListItem\",\"position\":3,\"name\":\"ROMULUS\"}]},{\"@type\":\"WebSite\",\"@id\":\"https:\\\/\\\/www.conceptconfort.ca\\\/#website\",\"url\":\"https:\\\/\\\/www.conceptconfort.ca\\\/\",\"name\":\"Ameublement Concept Confort\",\"description\":\"Ameublement Concept Confort propose une exp\u00e9rience de magasinage exceptionnelle avec une collection exclusive de fauteuils, causeuses et canap\u00e9s de qualit\u00e9 sup\u00e9rieure, con\u00e7us sp\u00e9cialement pour une client\u00e8le s\u00e9lective en qu\u00eate de confort, d&#039;\u00e9l\u00e9gance et de raffinement.\",\"publisher\":{\"@id\":\"https:\\\/\\\/www.conceptconfort.ca\\\/#organization\"},\"potentialAction\":[{\"@type\":\"SearchAction\",\"target\":{\"@type\":\"EntryPoint\",\"urlTemplate\":\"https:\\\/\\\/www.conceptconfort.ca\\\/?s={search_term_string}\"},\"query-input\":{\"@type\":\"PropertyValueSpecification\",\"valueRequired\":true,\"valueName\":\"search_term_string\"}}],\"inLanguage\":\"en-CA\"},{\"@type\":\"Organization\",\"@id\":\"https:\\\/\\\/www.conceptconfort.ca\\\/#organization\",\"name\":\"Ameublement Concept Confort\",\"url\":\"https:\\\/\\\/www.conceptconfort.ca\\\/\",\"logo\":{\"@type\":\"ImageObject\",\"inLanguage\":\"en-CA\",\"@id\":\"https:\\\/\\\/www.conceptconfort.ca\\\/#\\\/schema\\\/logo\\\/image\\\/\",\"url\":\"https:\\\/\\\/www.conceptconfort.ca\\\/wp-content\\\/uploads\\\/2014\\\/06\\\/cropped-Logo-ameublement-conceptRGB2.png\",\"contentUrl\":\"https:\\\/\\\/www.conceptconfort.ca\\\/wp-content\\\/uploads\\\/2014\\\/06\\\/cropped-Logo-ameublement-conceptRGB2.png\",\"width\":1017,\"height\":317,\"caption\":\"Ameublement Concept Confort\"},\"image\":{\"@id\":\"https:\\\/\\\/www.conceptconfort.ca\\\/#\\\/schema\\\/logo\\\/image\\\/\"},\"sameAs\":[\"https:\\\/\\\/facebook.com\\\/AmeublementConceptConfort\\\/\",\"https:\\\/\\\/x.com\\\/ConceptConfort\",\"https:\\\/\\\/www.instagram.com\\\/ameublement_concept_confort\\\/\"]}]}<\/script>\n<!-- \/ Yoast SEO Premium plugin. -->","yoast_head_json":{"title":"ROMULUS - Ameublement Concept Confort","description":"Le fauteuil relax Romulus d\u2019Ameublement Concept confort avec rev\u00eatement en microfibre haute gamme sera le protagoniste de votre salon, gr\u00e2ce \u00e0 son design unique, son rembourrage doux et son confort optimal.","robots":{"index":"index","follow":"follow","max-snippet":"max-snippet:-1","max-image-preview":"max-image-preview:large","max-video-preview":"max-video-preview:-1"},"canonical":"https:\/\/www.conceptconfort.ca\/en\/shop\/fauteuil\/romulus\/","og_locale":"en_US","og_type":"article","og_title":"ROMULUS","og_description":"Le fauteuil relax Romulus d\u2019Ameublement Concept confort avec rev\u00eatement en microfibre haute gamme sera le protagoniste de votre salon, gr\u00e2ce \u00e0 son design unique, son rembourrage doux et son confort optimal.","og_url":"https:\/\/www.conceptconfort.ca\/en\/shop\/fauteuil\/romulus\/","og_site_name":"Ameublement Concept Confort","article_publisher":"https:\/\/facebook.com\/AmeublementConceptConfort\/","article_modified_time":"2023-05-20T10:03:16+00:00","og_image":[{"width":1000,"height":672,"url":"https:\/\/www.conceptconfort.ca\/wp-content\/uploads\/2021\/06\/Romulus-droit-1000x672-1.png","type":"image\/png"}],"twitter_card":"summary_large_image","twitter_site":"@ConceptConfort","schema":{"@context":"https:\/\/schema.org","@graph":[{"@type":"WebPage","@id":"https:\/\/www.conceptconfort.ca\/shop\/fauteuil\/romulus\/","url":"https:\/\/www.conceptconfort.ca\/shop\/fauteuil\/romulus\/","name":"ROMULUS - Ameublement Concept Confort","isPartOf":{"@id":"https:\/\/www.conceptconfort.ca\/#website"},"primaryImageOfPage":{"@id":"https:\/\/www.conceptconfort.ca\/shop\/fauteuil\/romulus\/#primaryimage"},"image":{"@id":"https:\/\/www.conceptconfort.ca\/shop\/fauteuil\/romulus\/#primaryimage"},"thumbnailUrl":"https:\/\/www.conceptconfort.ca\/wp-content\/uploads\/2021\/06\/Romulus-droit-1000x672-1.png","datePublished":"2021-06-17T16:38:10+00:00","dateModified":"2023-05-20T10:03:16+00:00","description":"Le fauteuil relax Romulus d\u2019Ameublement Concept confort avec rev\u00eatement en microfibre haute gamme sera le protagoniste de votre salon, gr\u00e2ce \u00e0 son design unique, son rembourrage doux et son confort optimal.","breadcrumb":{"@id":"https:\/\/www.conceptconfort.ca\/shop\/fauteuil\/romulus\/#breadcrumb"},"inLanguage":"en-CA","potentialAction":[{"@type":"ReadAction","target":["https:\/\/www.conceptconfort.ca\/shop\/fauteuil\/romulus\/"]}]},{"@type":"ImageObject","inLanguage":"en-CA","@id":"https:\/\/www.conceptconfort.ca\/shop\/fauteuil\/romulus\/#primaryimage","url":"https:\/\/www.conceptconfort.ca\/wp-content\/uploads\/2021\/06\/Romulus-droit-1000x672-1.png","contentUrl":"https:\/\/www.conceptconfort.ca\/wp-content\/uploads\/2021\/06\/Romulus-droit-1000x672-1.png","width":1000,"height":672,"caption":"Romulus Fauteuil"},{"@type":"BreadcrumbList","@id":"https:\/\/www.conceptconfort.ca\/shop\/fauteuil\/romulus\/#breadcrumb","itemListElement":[{"@type":"ListItem","position":1,"name":"Home","item":"https:\/\/www.conceptconfort.ca\/"},{"@type":"ListItem","position":2,"name":"Nos produits","item":"https:\/\/www.conceptconfort.ca\/shop\/"},{"@type":"ListItem","position":3,"name":"ROMULUS"}]},{"@type":"WebSite","@id":"https:\/\/www.conceptconfort.ca\/#website","url":"https:\/\/www.conceptconfort.ca\/","name":"Ameublement Concept Confort","description":"Ameublement Concept Confort propose une exp\u00e9rience de magasinage exceptionnelle avec une collection exclusive de fauteuils, causeuses et canap\u00e9s de qualit\u00e9 sup\u00e9rieure, con\u00e7us sp\u00e9cialement pour une client\u00e8le s\u00e9lective en qu\u00eate de confort, d&#039;\u00e9l\u00e9gance et de raffinement.","publisher":{"@id":"https:\/\/www.conceptconfort.ca\/#organization"},"potentialAction":[{"@type":"SearchAction","target":{"@type":"EntryPoint","urlTemplate":"https:\/\/www.conceptconfort.ca\/?s={search_term_string}"},"query-input":{"@type":"PropertyValueSpecification","valueRequired":true,"valueName":"search_term_string"}}],"inLanguage":"en-CA"},{"@type":"Organization","@id":"https:\/\/www.conceptconfort.ca\/#organization","name":"Ameublement Concept Confort","url":"https:\/\/www.conceptconfort.ca\/","logo":{"@type":"ImageObject","inLanguage":"en-CA","@id":"https:\/\/www.conceptconfort.ca\/#\/schema\/logo\/image\/","url":"https:\/\/www.conceptconfort.ca\/wp-content\/uploads\/2014\/06\/cropped-Logo-ameublement-conceptRGB2.png","contentUrl":"https:\/\/www.conceptconfort.ca\/wp-content\/uploads\/2014\/06\/cropped-Logo-ameublement-conceptRGB2.png","width":1017,"height":317,"caption":"Ameublement Concept Confort"},"image":{"@id":"https:\/\/www.conceptconfort.ca\/#\/schema\/logo\/image\/"},"sameAs":["https:\/\/facebook.com\/AmeublementConceptConfort\/","https:\/\/x.com\/ConceptConfort","https:\/\/www.instagram.com\/ameublement_concept_confort\/"]}]}},"post_mailing_queue_ids":[],"_links":{"self":[{"href":"https:\/\/www.conceptconfort.ca\/en\/wp-json\/wp\/v2\/product\/7105","targetHints":{"allow":["GET"]}}],"collection":[{"href":"https:\/\/www.conceptconfort.ca\/en\/wp-json\/wp\/v2\/product"}],"about":[{"href":"https:\/\/www.conceptconfort.ca\/en\/wp-json\/wp\/v2\/types\/product"}],"wp:featuredmedia":[{"embeddable":true,"href":"https:\/\/www.conceptconfort.ca\/en\/wp-json\/wp\/v2\/media\/7266"}],"wp:attachment":[{"href":"https:\/\/www.conceptconfort.ca\/en\/wp-json\/wp\/v2\/media?parent=7105"}],"wp:term":[{"taxonomy":"product_brand","embeddable":true,"href":"https:\/\/www.conceptconfort.ca\/en\/wp-json\/wp\/v2\/product_brand?post=7105"},{"taxonomy":"product_cat","embeddable":true,"href":"https:\/\/www.conceptconfort.ca\/en\/wp-json\/wp\/v2\/product_cat?post=7105"},{"taxonomy":"product_tag","embeddable":true,"href":"https:\/\/www.conceptconfort.ca\/en\/wp-json\/wp\/v2\/product_tag?post=7105"}],"curies":[{"name":"wp","href":"https:\/\/api.w.org\/{rel}","templated":true}]}}